{"id":849,"date":"2022-10-28T17:05:32","date_gmt":"2022-10-28T15:05:32","guid":{"rendered":"http:\/\/belmont.fr\/?post_type=product&#038;p=849"},"modified":"2024-09-09T09:51:43","modified_gmt":"2024-09-09T07:51:43","slug":"ever-stool","status":"publish","type":"product","link":"https:\/\/belmont.fr\/en\/produits\/gammes\/10-sieges-operateurs\/ever-stool\/","title":{"rendered":"EURUS STOOL"},"content":{"rendered":"","protected":false},"excerpt":{"rendered":"<p>Un si\u00e8ge op\u00e9rateur de qualit\u00e9 est indispensable pour pr\u00e9server votre sant\u00e9 au quotidien et garantir des soins efficaces tout au long de la journ\u00e9e. Venez d\u00e9couvrir le confort de l&rsquo;Eurus Stool et son design ergonomique, respectant la courbe naturelle de votre colonne vert\u00e9brale et soutenant efficacement vos lombaires. Son dossier et son assise inclinables sont un v\u00e9ritable atout pour votre sant\u00e9. Ses 5 roulettes garantissent une mobilit\u00e9 ultra-fluide et une stabilit\u00e9 sans faille.<\/p>","protected":false},"featured_media":4189,"template":"","meta":{"_acf_changed":false},"product_brand":[],"product_cat":[68,29],"product_tag":[78],"class_list":{"0":"post-849","1":"product","2":"type-product","3":"status-publish","4":"has-post-thumbnail","6":"product_cat-gammes","7":"product_cat-10-sieges-operateurs","8":"product_tag-siege-operateur","9":"pa_couleur-apricot","10":"pa_couleur-bayou","11":"pa_couleur-charbon","12":"pa_couleur-chianti","13":"pa_couleur-f4340-00002","14":"pa_couleur-f4340-10295","15":"pa_couleur-f4340-20129","16":"pa_couleur-f4340-20287","17":"pa_couleur-f4340-20295","18":"pa_couleur-f4340-20296","19":"pa_couleur-f4340-20299","20":"pa_couleur-herbal-mist","21":"pa_couleur-pelican","22":"pa_couleur-rain-dance","24":"first","25":"instock","26":"shipping-taxable","27":"purchasable","28":"product-type-variable"},"acf":[],"_links":{"self":[{"href":"https:\/\/belmont.fr\/en\/wp-json\/wp\/v2\/product\/849","targetHints":{"allow":["GET"]}}],"collection":[{"href":"https:\/\/belmont.fr\/en\/wp-json\/wp\/v2\/product"}],"about":[{"href":"https:\/\/belmont.fr\/en\/wp-json\/wp\/v2\/types\/product"}],"version-history":[{"count":13,"href":"https:\/\/belmont.fr\/en\/wp-json\/wp\/v2\/product\/849\/revisions"}],"predecessor-version":[{"id":11888,"href":"https:\/\/belmont.fr\/en\/wp-json\/wp\/v2\/product\/849\/revisions\/11888"}],"wp:featuredmedia":[{"embeddable":true,"href":"https:\/\/belmont.fr\/en\/wp-json\/wp\/v2\/media\/4189"}],"wp:attachment":[{"href":"https:\/\/belmont.fr\/en\/wp-json\/wp\/v2\/media?parent=849"}],"wp:term":[{"taxonomy":"product_brand","embeddable":true,"href":"https:\/\/belmont.fr\/en\/wp-json\/wp\/v2\/product_brand?post=849"},{"taxonomy":"product_cat","embeddable":true,"href":"https:\/\/belmont.fr\/en\/wp-json\/wp\/v2\/product_cat?post=849"},{"taxonomy":"product_tag","embeddable":true,"href":"https:\/\/belmont.fr\/en\/wp-json\/wp\/v2\/product_tag?post=849"}],"curies":[{"name":"wp","href":"https:\/\/api.w.org\/{rel}","templated":true}]}}