{"id":841,"date":"2022-10-28T17:03:15","date_gmt":"2022-10-28T15:03:15","guid":{"rendered":"http:\/\/belmont.fr\/?post_type=product&#038;p=841"},"modified":"2025-10-02T14:24:29","modified_gmt":"2025-10-02T12:24:29","slug":"clair-repose-nuque-manuel","status":"publish","type":"product","link":"https:\/\/belmont.fr\/en\/produits\/gammes\/06-fauteuil-seul\/clair-repose-nuque-manuel\/","title":{"rendered":"EURUS SWIVEL"},"content":{"rendered":"","protected":false},"excerpt":{"rendered":"<p>L\u2019Eurus SWIVEL b\u00e9n\u00e9ficie des innovations et des technologies de la gamme Eurus en plus d&rsquo;une ergonomie unique, gr\u00e2ce \u00e0 sa base rotative. Sa conception exceptionnelle permet aux patients d\u2019\u00eatre install\u00e9 et de sortir du fauteuil avec une exp\u00e9rience similaire \u00e0 celle d\u2019un fauteuil confortable \u00e0 la maison. C&rsquo;est donc l&rsquo;\u00e9quipement id\u00e9al pour la consultation en \u00ab\u00a0face-\u00e0-face\u00a0\u00bb car il favorise la communication entre le dentiste et le patient durant les proc\u00e9dures de soin.<\/p>","protected":false},"featured_media":4167,"template":"","meta":{"_acf_changed":false},"product_brand":[],"product_cat":[26,68],"product_tag":[76],"class_list":{"0":"post-841","1":"product","2":"type-product","3":"status-publish","4":"has-post-thumbnail","6":"product_cat-06-fauteuil-seul","7":"product_cat-gammes","8":"product_tag-eurus","9":"pa_couleur-apricot","10":"pa_couleur-bayou","11":"pa_couleur-charbon","12":"pa_couleur-chianti","13":"pa_couleur-f4340-00002","14":"pa_couleur-f4340-10295","15":"pa_couleur-f4340-20129","16":"pa_couleur-f4340-20287","17":"pa_couleur-f4340-20295","18":"pa_couleur-f4340-20296","19":"pa_couleur-f4340-20299","20":"pa_couleur-herbal-mist","21":"pa_couleur-pelican","22":"pa_couleur-rain-dance","24":"first","25":"instock","26":"shipping-taxable","27":"purchasable","28":"product-type-variable"},"acf":[],"_links":{"self":[{"href":"https:\/\/belmont.fr\/en\/wp-json\/wp\/v2\/product\/841","targetHints":{"allow":["GET"]}}],"collection":[{"href":"https:\/\/belmont.fr\/en\/wp-json\/wp\/v2\/product"}],"about":[{"href":"https:\/\/belmont.fr\/en\/wp-json\/wp\/v2\/types\/product"}],"version-history":[{"count":41,"href":"https:\/\/belmont.fr\/en\/wp-json\/wp\/v2\/product\/841\/revisions"}],"predecessor-version":[{"id":12874,"href":"https:\/\/belmont.fr\/en\/wp-json\/wp\/v2\/product\/841\/revisions\/12874"}],"wp:featuredmedia":[{"embeddable":true,"href":"https:\/\/belmont.fr\/en\/wp-json\/wp\/v2\/media\/4167"}],"wp:attachment":[{"href":"https:\/\/belmont.fr\/en\/wp-json\/wp\/v2\/media?parent=841"}],"wp:term":[{"taxonomy":"product_brand","embeddable":true,"href":"https:\/\/belmont.fr\/en\/wp-json\/wp\/v2\/product_brand?post=841"},{"taxonomy":"product_cat","embeddable":true,"href":"https:\/\/belmont.fr\/en\/wp-json\/wp\/v2\/product_cat?post=841"},{"taxonomy":"product_tag","embeddable":true,"href":"https:\/\/belmont.fr\/en\/wp-json\/wp\/v2\/product_tag?post=841"}],"curies":[{"name":"wp","href":"https:\/\/api.w.org\/{rel}","templated":true}]}}