{"id":840,"date":"2022-10-28T17:02:54","date_gmt":"2022-10-28T15:02:54","guid":{"rendered":"http:\/\/belmont.fr\/?post_type=product&#038;p=840"},"modified":"2025-10-02T12:17:57","modified_gmt":"2025-10-02T10:17:57","slug":"clair","status":"publish","type":"product","link":"https:\/\/belmont.fr\/en\/produits\/gammes\/06-fauteuil-seul\/clair\/","title":{"rendered":"CLAIR"},"content":{"rendered":"","protected":false},"excerpt":{"rendered":"<p>Un v\u00e9ritable fauteuil chaise proposant un confort unique et une ergonomie optimale. Gain de place consid\u00e9rable dans votre cabinet, le fauteuil CLAIR favorise la proximit\u00e9 du dentiste avec son patient et r\u00e9duit ainsi l&rsquo;appr\u00e9hension pendant les soins. Son dossier \u00e0 m\u00e9canisme d&rsquo;axe s&rsquo;adapte aux mouvements naturels du corps de vos patients.<\/p>","protected":false},"featured_media":9820,"template":"","meta":{"_acf_changed":false},"product_brand":[],"product_cat":[26,68],"product_tag":[79],"class_list":{"0":"post-840","1":"product","2":"type-product","3":"status-publish","4":"has-post-thumbnail","6":"product_cat-06-fauteuil-seul","7":"product_cat-gammes","8":"product_tag-fauteuil-seul","9":"pa_couleur-apricot","10":"pa_couleur-bayou","11":"pa_couleur-charbon","12":"pa_couleur-chianti","13":"pa_couleur-f4340-00002","14":"pa_couleur-f4340-10295","15":"pa_couleur-f4340-20129","16":"pa_couleur-f4340-20287","17":"pa_couleur-f4340-20295","18":"pa_couleur-f4340-20296","19":"pa_couleur-f4340-20299","20":"pa_couleur-herbal-mist","21":"pa_couleur-pelican","22":"pa_couleur-rain-dance","24":"first","25":"instock","26":"shipping-taxable","27":"purchasable","28":"product-type-variable"},"acf":[],"_links":{"self":[{"href":"https:\/\/belmont.fr\/en\/wp-json\/wp\/v2\/product\/840","targetHints":{"allow":["GET"]}}],"collection":[{"href":"https:\/\/belmont.fr\/en\/wp-json\/wp\/v2\/product"}],"about":[{"href":"https:\/\/belmont.fr\/en\/wp-json\/wp\/v2\/types\/product"}],"version-history":[{"count":13,"href":"https:\/\/belmont.fr\/en\/wp-json\/wp\/v2\/product\/840\/revisions"}],"predecessor-version":[{"id":11879,"href":"https:\/\/belmont.fr\/en\/wp-json\/wp\/v2\/product\/840\/revisions\/11879"}],"wp:featuredmedia":[{"embeddable":true,"href":"https:\/\/belmont.fr\/en\/wp-json\/wp\/v2\/media\/9820"}],"wp:attachment":[{"href":"https:\/\/belmont.fr\/en\/wp-json\/wp\/v2\/media?parent=840"}],"wp:term":[{"taxonomy":"product_brand","embeddable":true,"href":"https:\/\/belmont.fr\/en\/wp-json\/wp\/v2\/product_brand?post=840"},{"taxonomy":"product_cat","embeddable":true,"href":"https:\/\/belmont.fr\/en\/wp-json\/wp\/v2\/product_cat?post=840"},{"taxonomy":"product_tag","embeddable":true,"href":"https:\/\/belmont.fr\/en\/wp-json\/wp\/v2\/product_tag?post=840"}],"curies":[{"name":"wp","href":"https:\/\/api.w.org\/{rel}","templated":true}]}}