{"id":836,"date":"2022-10-28T17:01:38","date_gmt":"2022-10-28T15:01:38","guid":{"rendered":"http:\/\/belmont.fr\/?post_type=product&#038;p=836"},"modified":"2025-10-27T15:09:22","modified_gmt":"2025-10-27T14:09:22","slug":"voyager-ii-l-woc","status":"publish","type":"product","link":"https:\/\/belmont.fr\/en\/produits\/gammes\/05-voyager-iii\/voyager-ii-l-woc\/","title":{"rendered":"VOYAGER III WOC"},"content":{"rendered":"","protected":false},"excerpt":{"rendered":"<p>Le VOYAGER III WOC est un m\u00e9lange savant entre simplicit\u00e9 et efficacit\u00e9. Son ergonomie ambidextre est un atout r\u00e9el dans un cabinet, notamment car plusieurs praticiens peuvent permuter ais\u00e9ment sur le m\u00eame unit gr\u00e2ce \u00e0 ses positions programmables. Id\u00e9al pour l&rsquo;orthodontie.<\/p>","protected":false},"featured_media":12257,"template":"","meta":{"_acf_changed":false},"product_brand":[],"product_cat":[68,25],"product_tag":[73],"class_list":{"0":"post-836","1":"product","2":"type-product","3":"status-publish","4":"has-post-thumbnail","6":"product_cat-gammes","7":"product_cat-05-voyager-iii","8":"product_tag-voyager","9":"pa_couleur-apricot","10":"pa_couleur-bayou","11":"pa_couleur-charbon","12":"pa_couleur-chianti","13":"pa_couleur-f4340-00002","14":"pa_couleur-f4340-10295","15":"pa_couleur-f4340-20129","16":"pa_couleur-f4340-20287","17":"pa_couleur-f4340-20295","18":"pa_couleur-f4340-20296","19":"pa_couleur-f4340-20299","20":"pa_couleur-herbal-mist","21":"pa_couleur-pelican","22":"pa_couleur-rain-dance","24":"first","25":"instock","26":"shipping-taxable","27":"product-type-variable"},"acf":[],"_links":{"self":[{"href":"https:\/\/belmont.fr\/en\/wp-json\/wp\/v2\/product\/836","targetHints":{"allow":["GET"]}}],"collection":[{"href":"https:\/\/belmont.fr\/en\/wp-json\/wp\/v2\/product"}],"about":[{"href":"https:\/\/belmont.fr\/en\/wp-json\/wp\/v2\/types\/product"}],"version-history":[{"count":22,"href":"https:\/\/belmont.fr\/en\/wp-json\/wp\/v2\/product\/836\/revisions"}],"predecessor-version":[{"id":12910,"href":"https:\/\/belmont.fr\/en\/wp-json\/wp\/v2\/product\/836\/revisions\/12910"}],"wp:featuredmedia":[{"embeddable":true,"href":"https:\/\/belmont.fr\/en\/wp-json\/wp\/v2\/media\/12257"}],"wp:attachment":[{"href":"https:\/\/belmont.fr\/en\/wp-json\/wp\/v2\/media?parent=836"}],"wp:term":[{"taxonomy":"product_brand","embeddable":true,"href":"https:\/\/belmont.fr\/en\/wp-json\/wp\/v2\/product_brand?post=836"},{"taxonomy":"product_cat","embeddable":true,"href":"https:\/\/belmont.fr\/en\/wp-json\/wp\/v2\/product_cat?post=836"},{"taxonomy":"product_tag","embeddable":true,"href":"https:\/\/belmont.fr\/en\/wp-json\/wp\/v2\/product_tag?post=836"}],"curies":[{"name":"wp","href":"https:\/\/api.w.org\/{rel}","templated":true}]}}