{"id":826,"date":"2022-10-28T16:58:20","date_gmt":"2022-10-28T14:58:20","guid":{"rendered":"http:\/\/belmont.fr\/?post_type=product&#038;p=826"},"modified":"2024-09-09T09:52:20","modified_gmt":"2024-09-09T07:52:20","slug":"tb-compass-vac-pack","status":"publish","type":"product","link":"https:\/\/belmont.fr\/en\/produits\/gammes\/04-tb-compass\/tb-compass-vac-pack\/","title":{"rendered":"TB COMPASS VAC PACK"},"content":{"rendered":"","protected":false},"excerpt":{"rendered":"<p>Le TB Compass VAC PACK est un unit ambidextre d&rsquo;une ergonomie remarquable. Permettant de permuter de la position droitier \u00e0 gaucher en un rien de temps et sans outils, il permet \u00e0 l&rsquo;assistante de pr\u00e9parer le n\u00e9cessaire de soins \u00e0 l&rsquo;abri du regard des patients lors des consultations. Un gain de temps et des soins en toute s\u00e9r\u00e9nit\u00e9 pour une efficacit\u00e9 optimale.<\/p>","protected":false},"featured_media":4136,"template":"","meta":{"_acf_changed":false},"product_brand":[],"product_cat":[68,22],"product_tag":[81],"class_list":{"0":"post-826","1":"product","2":"type-product","3":"status-publish","4":"has-post-thumbnail","6":"product_cat-gammes","7":"product_cat-04-tb-compass","8":"product_tag-tb-compass","9":"pa_couleur-apricot","10":"pa_couleur-bayou","11":"pa_couleur-charbon","12":"pa_couleur-chianti","13":"pa_couleur-f4340-00002","14":"pa_couleur-f4340-10295","15":"pa_couleur-f4340-20129","16":"pa_couleur-f4340-20287","17":"pa_couleur-f4340-20295","18":"pa_couleur-f4340-20296","19":"pa_couleur-f4340-20299","20":"pa_couleur-herbal-mist","21":"pa_couleur-pelican","22":"pa_couleur-rain-dance","24":"first","25":"instock","26":"shipping-taxable","27":"purchasable","28":"product-type-variable"},"acf":[],"_links":{"self":[{"href":"https:\/\/belmont.fr\/en\/wp-json\/wp\/v2\/product\/826","targetHints":{"allow":["GET"]}}],"collection":[{"href":"https:\/\/belmont.fr\/en\/wp-json\/wp\/v2\/product"}],"about":[{"href":"https:\/\/belmont.fr\/en\/wp-json\/wp\/v2\/types\/product"}],"version-history":[{"count":26,"href":"https:\/\/belmont.fr\/en\/wp-json\/wp\/v2\/product\/826\/revisions"}],"predecessor-version":[{"id":6545,"href":"https:\/\/belmont.fr\/en\/wp-json\/wp\/v2\/product\/826\/revisions\/6545"}],"wp:featuredmedia":[{"embeddable":true,"href":"https:\/\/belmont.fr\/en\/wp-json\/wp\/v2\/media\/4136"}],"wp:attachment":[{"href":"https:\/\/belmont.fr\/en\/wp-json\/wp\/v2\/media?parent=826"}],"wp:term":[{"taxonomy":"product_brand","embeddable":true,"href":"https:\/\/belmont.fr\/en\/wp-json\/wp\/v2\/product_brand?post=826"},{"taxonomy":"product_cat","embeddable":true,"href":"https:\/\/belmont.fr\/en\/wp-json\/wp\/v2\/product_cat?post=826"},{"taxonomy":"product_tag","embeddable":true,"href":"https:\/\/belmont.fr\/en\/wp-json\/wp\/v2\/product_tag?post=826"}],"curies":[{"name":"wp","href":"https:\/\/api.w.org\/{rel}","templated":true}]}}