{"id":5622,"date":"2023-01-19T11:41:28","date_gmt":"2023-01-19T10:41:28","guid":{"rendered":"http:\/\/belmont.fr\/?post_type=product&#038;p=5622"},"modified":"2025-10-30T15:53:23","modified_gmt":"2025-10-30T14:53:23","slug":"clesta-ii-cart","status":"publish","type":"product","link":"https:\/\/belmont.fr\/en\/produits\/gammes\/09-cart_autonome\/clesta-ii-cart\/","title":{"rendered":"CLESTA II CART"},"content":{"rendered":"","protected":false},"excerpt":{"rendered":"<p>Compact, pratique et mobile, le cart Clesta II Place Type b\u00e9n\u00e9ficie de la technologie \u00ab\u00a0remise \u00e0 l&rsquo;aveugle\u00a0\u00bb exclusive \u00e0 Takara Belmont et qui permet un retour de vos instruments en toute s\u00e9curit\u00e9 et en toute simplicit\u00e9. Son faible encombrement et ses roulettes ultra-maniables permettent au cart Clesta II de s&rsquo;adapter parfaitement \u00e0 votre espace de travail.<\/p>","protected":false},"featured_media":9350,"template":"","meta":{"_acf_changed":false},"product_brand":[],"product_cat":[87,68],"product_tag":[88],"class_list":{"0":"post-5622","1":"product","2":"type-product","3":"status-publish","4":"has-post-thumbnail","6":"product_cat-09-cart_autonome","7":"product_cat-gammes","8":"product_tag-cart-seul","10":"first","11":"instock","12":"shipping-taxable","13":"product-type-simple"},"acf":[],"_links":{"self":[{"href":"https:\/\/belmont.fr\/en\/wp-json\/wp\/v2\/product\/5622","targetHints":{"allow":["GET"]}}],"collection":[{"href":"https:\/\/belmont.fr\/en\/wp-json\/wp\/v2\/product"}],"about":[{"href":"https:\/\/belmont.fr\/en\/wp-json\/wp\/v2\/types\/product"}],"version-history":[{"count":10,"href":"https:\/\/belmont.fr\/en\/wp-json\/wp\/v2\/product\/5622\/revisions"}],"predecessor-version":[{"id":9629,"href":"https:\/\/belmont.fr\/en\/wp-json\/wp\/v2\/product\/5622\/revisions\/9629"}],"wp:featuredmedia":[{"embeddable":true,"href":"https:\/\/belmont.fr\/en\/wp-json\/wp\/v2\/media\/9350"}],"wp:attachment":[{"href":"https:\/\/belmont.fr\/en\/wp-json\/wp\/v2\/media?parent=5622"}],"wp:term":[{"taxonomy":"product_brand","embeddable":true,"href":"https:\/\/belmont.fr\/en\/wp-json\/wp\/v2\/product_brand?post=5622"},{"taxonomy":"product_cat","embeddable":true,"href":"https:\/\/belmont.fr\/en\/wp-json\/wp\/v2\/product_cat?post=5622"},{"taxonomy":"product_tag","embeddable":true,"href":"https:\/\/belmont.fr\/en\/wp-json\/wp\/v2\/product_tag?post=5622"}],"curies":[{"name":"wp","href":"https:\/\/api.w.org\/{rel}","templated":true}]}}