{"id":5621,"date":"2023-01-19T11:40:25","date_gmt":"2023-01-19T10:40:25","guid":{"rendered":"http:\/\/belmont.fr\/?post_type=product&#038;p=5621"},"modified":"2024-09-09T09:50:36","modified_gmt":"2024-09-09T07:50:36","slug":"eurus-cart","status":"publish","type":"product","link":"https:\/\/belmont.fr\/en\/produits\/gammes\/09-cart_autonome\/eurus-cart\/","title":{"rendered":"EURUS CART"},"content":{"rendered":"","protected":false},"excerpt":{"rendered":"<p>Le Cart Eurus excelle par son efficacit\u00e9 en toute situation. B\u00e9n\u00e9ficiant des derni\u00e8res technologies de Belmont, il int\u00e8gre la nouvelle version de notre syst\u00e8me de \u00ab\u00a0retour \u00e0 l&rsquo;aveugle\u00a0\u00bb des instruments. En compl\u00e9ment d&rsquo;une ergonomie optimis\u00e9e, il offre une stabilit\u00e9 \u00e0 toute \u00e9preuve gr\u00e2ce \u00e0 son large empattement. Il b\u00e9n\u00e9ficie notamment de l&rsquo;interface tactile Eurus, fluide et intuitive, pour un confort de travail id\u00e9al.<\/p>\n<p>*Ne peut \u00eatre utilis\u00e9 qu&rsquo;avec des fauteuils sp\u00e9cifiques, plus de renseignements aupr\u00e8s de votre distributeur.<\/p>","protected":false},"featured_media":7400,"template":"","meta":{"_acf_changed":false},"product_brand":[],"product_cat":[87,68],"product_tag":[88],"class_list":{"0":"post-5621","1":"product","2":"type-product","3":"status-publish","4":"has-post-thumbnail","6":"product_cat-09-cart_autonome","7":"product_cat-gammes","8":"product_tag-cart-seul","10":"first","11":"instock","12":"shipping-taxable","13":"product-type-simple"},"acf":[],"_links":{"self":[{"href":"https:\/\/belmont.fr\/en\/wp-json\/wp\/v2\/product\/5621","targetHints":{"allow":["GET"]}}],"collection":[{"href":"https:\/\/belmont.fr\/en\/wp-json\/wp\/v2\/product"}],"about":[{"href":"https:\/\/belmont.fr\/en\/wp-json\/wp\/v2\/types\/product"}],"version-history":[{"count":17,"href":"https:\/\/belmont.fr\/en\/wp-json\/wp\/v2\/product\/5621\/revisions"}],"predecessor-version":[{"id":12372,"href":"https:\/\/belmont.fr\/en\/wp-json\/wp\/v2\/product\/5621\/revisions\/12372"}],"wp:featuredmedia":[{"embeddable":true,"href":"https:\/\/belmont.fr\/en\/wp-json\/wp\/v2\/media\/7400"}],"wp:attachment":[{"href":"https:\/\/belmont.fr\/en\/wp-json\/wp\/v2\/media?parent=5621"}],"wp:term":[{"taxonomy":"product_brand","embeddable":true,"href":"https:\/\/belmont.fr\/en\/wp-json\/wp\/v2\/product_brand?post=5621"},{"taxonomy":"product_cat","embeddable":true,"href":"https:\/\/belmont.fr\/en\/wp-json\/wp\/v2\/product_cat?post=5621"},{"taxonomy":"product_tag","embeddable":true,"href":"https:\/\/belmont.fr\/en\/wp-json\/wp\/v2\/product_tag?post=5621"}],"curies":[{"name":"wp","href":"https:\/\/api.w.org\/{rel}","templated":true}]}}