{"id":3995,"date":"2022-12-14T15:31:14","date_gmt":"2022-12-14T14:31:14","guid":{"rendered":"http:\/\/belmont.fr\/?post_type=product&#038;p=3995"},"modified":"2024-09-09T09:50:43","modified_gmt":"2024-09-09T07:50:43","slug":"voyager-iii-cart","status":"publish","type":"product","link":"https:\/\/belmont.fr\/en\/produits\/gammes\/09-cart_autonome\/voyager-iii-cart\/","title":{"rendered":"VOYAGER III CART"},"content":{"rendered":"","protected":false},"excerpt":{"rendered":"<p>Le Cart Voyager III se concentre sur l&rsquo;essentiel pour un encombrement r\u00e9duit et une mobilit\u00e9 ind\u00e9tr\u00f4nable. Il concentre l&rsquo;essentiel de vos besoins pour une simplicit\u00e9 d&rsquo;utilisation et une efficacit\u00e9 sans superflue lors de vos soins. Ultra-compacte Id\u00e9al pour l&rsquo;orthodontie.<\/p>","protected":false},"featured_media":10746,"template":"","meta":{"_acf_changed":false},"product_brand":[],"product_cat":[87,68],"product_tag":[88],"class_list":{"0":"post-3995","1":"product","2":"type-product","3":"status-publish","4":"has-post-thumbnail","6":"product_cat-09-cart_autonome","7":"product_cat-gammes","8":"product_tag-cart-seul","10":"first","11":"instock","12":"shipping-taxable","13":"product-type-simple"},"acf":[],"_links":{"self":[{"href":"https:\/\/belmont.fr\/en\/wp-json\/wp\/v2\/product\/3995","targetHints":{"allow":["GET"]}}],"collection":[{"href":"https:\/\/belmont.fr\/en\/wp-json\/wp\/v2\/product"}],"about":[{"href":"https:\/\/belmont.fr\/en\/wp-json\/wp\/v2\/types\/product"}],"version-history":[{"count":13,"href":"https:\/\/belmont.fr\/en\/wp-json\/wp\/v2\/product\/3995\/revisions"}],"predecessor-version":[{"id":12425,"href":"https:\/\/belmont.fr\/en\/wp-json\/wp\/v2\/product\/3995\/revisions\/12425"}],"wp:featuredmedia":[{"embeddable":true,"href":"https:\/\/belmont.fr\/en\/wp-json\/wp\/v2\/media\/10746"}],"wp:attachment":[{"href":"https:\/\/belmont.fr\/en\/wp-json\/wp\/v2\/media?parent=3995"}],"wp:term":[{"taxonomy":"product_brand","embeddable":true,"href":"https:\/\/belmont.fr\/en\/wp-json\/wp\/v2\/product_brand?post=3995"},{"taxonomy":"product_cat","embeddable":true,"href":"https:\/\/belmont.fr\/en\/wp-json\/wp\/v2\/product_cat?post=3995"},{"taxonomy":"product_tag","embeddable":true,"href":"https:\/\/belmont.fr\/en\/wp-json\/wp\/v2\/product_tag?post=3995"}],"curies":[{"name":"wp","href":"https:\/\/api.w.org\/{rel}","templated":true}]}}