{"id":3927,"date":"2022-12-14T12:15:33","date_gmt":"2022-12-14T11:15:33","guid":{"rendered":"http:\/\/belmont.fr\/?post_type=product&#038;p=3927"},"modified":"2025-04-28T10:16:00","modified_gmt":"2025-04-28T08:16:00","slug":"al-200-series","status":"publish","type":"product","link":"https:\/\/belmont.fr\/en\/produits\/gammes\/07-eclairage-scialytique\/al-200-series\/","title":{"rendered":"ECLAIRAGES PLAFONNIERS"},"content":{"rendered":"","protected":false},"excerpt":{"rendered":"<p>Les \u00e9clairages Belmont se sont rapidement impos\u00e9s comme la r\u00e9f\u00e9rence incontournable des cabinets dentaire. Puissant, maniable, pratique, hygi\u00e9nique, esth\u00e9tique et plus encore, les adjectifs pour qualifier la gamme plafonnier ne tarissent pas. Gr\u00e2ce \u00e0 un syst\u00e8me de capteur sans contact, l&rsquo;allumage et le passage en mode composite se font d&rsquo;un simple mouvement de main.<\/p>","protected":false},"featured_media":4205,"template":"","meta":{"_acf_changed":false},"product_brand":[],"product_cat":[40,68],"product_tag":[77],"class_list":{"0":"post-3927","1":"product","2":"type-product","3":"status-publish","4":"has-post-thumbnail","6":"product_cat-07-eclairage-scialytique","7":"product_cat-gammes","8":"product_tag-eclairage-scialytique","10":"first","11":"instock","12":"shipping-taxable","13":"product-type-simple"},"acf":[],"_links":{"self":[{"href":"https:\/\/belmont.fr\/en\/wp-json\/wp\/v2\/product\/3927","targetHints":{"allow":["GET"]}}],"collection":[{"href":"https:\/\/belmont.fr\/en\/wp-json\/wp\/v2\/product"}],"about":[{"href":"https:\/\/belmont.fr\/en\/wp-json\/wp\/v2\/types\/product"}],"version-history":[{"count":22,"href":"https:\/\/belmont.fr\/en\/wp-json\/wp\/v2\/product\/3927\/revisions"}],"predecessor-version":[{"id":12842,"href":"https:\/\/belmont.fr\/en\/wp-json\/wp\/v2\/product\/3927\/revisions\/12842"}],"wp:featuredmedia":[{"embeddable":true,"href":"https:\/\/belmont.fr\/en\/wp-json\/wp\/v2\/media\/4205"}],"wp:attachment":[{"href":"https:\/\/belmont.fr\/en\/wp-json\/wp\/v2\/media?parent=3927"}],"wp:term":[{"taxonomy":"product_brand","embeddable":true,"href":"https:\/\/belmont.fr\/en\/wp-json\/wp\/v2\/product_brand?post=3927"},{"taxonomy":"product_cat","embeddable":true,"href":"https:\/\/belmont.fr\/en\/wp-json\/wp\/v2\/product_cat?post=3927"},{"taxonomy":"product_tag","embeddable":true,"href":"https:\/\/belmont.fr\/en\/wp-json\/wp\/v2\/product_tag?post=3927"}],"curies":[{"name":"wp","href":"https:\/\/api.w.org\/{rel}","templated":true}]}}