{"id":3901,"date":"2022-12-14T11:55:19","date_gmt":"2022-12-14T10:55:19","guid":{"rendered":"http:\/\/belmont.fr\/?post_type=product&#038;p=3901"},"modified":"2025-03-26T14:36:48","modified_gmt":"2025-03-26T13:36:48","slug":"s-swing","status":"publish","type":"product","link":"https:\/\/belmont.fr\/en\/produits\/gammes\/01-eurus\/s-swing\/","title":{"rendered":"S8 ROD SWING"},"content":{"rendered":"","protected":false},"excerpt":{"rendered":"<p>L&rsquo;Eurus S8 ROD SWING est un unit ambidextre haut de gamme, offrant un confort de travail in\u00e9galable. B\u00e9n\u00e9ficiant de toute la technologie et du savoir-faire Belmont, il s&rsquo;adapte \u00e0 tous les environnements, tout en garantissant une efficacit\u00e9 de travail sans concession. Son syst\u00e8me d&rsquo;instruments \u00e0 fouets offre un confort de travail in\u00e9gal\u00e9, m\u00eame apr\u00e8s plusieurs heures d&rsquo;intervention. Le luxe et le confort, made in Japan.<\/p>","protected":false},"featured_media":11924,"template":"","meta":{"_acf_changed":false},"product_brand":[],"product_cat":[21,68],"product_tag":[76],"class_list":{"0":"post-3901","1":"product","2":"type-product","3":"status-publish","4":"has-post-thumbnail","6":"product_cat-01-eurus","7":"product_cat-gammes","8":"product_tag-eurus","9":"pa_couleur-apricot","10":"pa_couleur-bayou","11":"pa_couleur-charbon","12":"pa_couleur-chianti","13":"pa_couleur-f4340-00002","14":"pa_couleur-f4340-10295","15":"pa_couleur-f4340-20129","16":"pa_couleur-f4340-20287","17":"pa_couleur-f4340-20295","18":"pa_couleur-f4340-20296","19":"pa_couleur-f4340-20299","20":"pa_couleur-herbal-mist","21":"pa_couleur-pelican","22":"pa_couleur-rain-dance","24":"first","25":"instock","26":"shipping-taxable","27":"purchasable","28":"product-type-variable","29":"has-default-attributes"},"acf":[],"_links":{"self":[{"href":"https:\/\/belmont.fr\/en\/wp-json\/wp\/v2\/product\/3901","targetHints":{"allow":["GET"]}}],"collection":[{"href":"https:\/\/belmont.fr\/en\/wp-json\/wp\/v2\/product"}],"about":[{"href":"https:\/\/belmont.fr\/en\/wp-json\/wp\/v2\/types\/product"}],"version-history":[{"count":79,"href":"https:\/\/belmont.fr\/en\/wp-json\/wp\/v2\/product\/3901\/revisions"}],"predecessor-version":[{"id":12834,"href":"https:\/\/belmont.fr\/en\/wp-json\/wp\/v2\/product\/3901\/revisions\/12834"}],"wp:featuredmedia":[{"embeddable":true,"href":"https:\/\/belmont.fr\/en\/wp-json\/wp\/v2\/media\/11924"}],"wp:attachment":[{"href":"https:\/\/belmont.fr\/en\/wp-json\/wp\/v2\/media?parent=3901"}],"wp:term":[{"taxonomy":"product_brand","embeddable":true,"href":"https:\/\/belmont.fr\/en\/wp-json\/wp\/v2\/product_brand?post=3901"},{"taxonomy":"product_cat","embeddable":true,"href":"https:\/\/belmont.fr\/en\/wp-json\/wp\/v2\/product_cat?post=3901"},{"taxonomy":"product_tag","embeddable":true,"href":"https:\/\/belmont.fr\/en\/wp-json\/wp\/v2\/product_tag?post=3901"}],"curies":[{"name":"wp","href":"https:\/\/api.w.org\/{rel}","templated":true}]}}