{"id":3800,"date":"2022-12-13T12:39:08","date_gmt":"2022-12-13T11:39:08","guid":{"rendered":"http:\/\/belmont.fr\/?post_type=product&#038;p=3800"},"modified":"2024-09-09T09:51:01","modified_gmt":"2024-09-09T07:51:01","slug":"eurus-s8","status":"publish","type":"product","link":"https:\/\/belmont.fr\/en\/produits\/gammes\/01-eurus\/eurus-s8\/","title":{"rendered":"EURUS S8"},"content":{"rendered":"","protected":false},"excerpt":{"rendered":"<p>L&rsquo;Eurus S8 est l&rsquo;incarnation du luxe et du confort \u00e0 la japonaise. B\u00e9n\u00e9ficiant de toutes les caract\u00e9ristiques qui ont b\u00e2ti la r\u00e9putation de Belmont, l&rsquo;Eurus S8 s&rsquo;adapte \u00e0 votre environnement de travail et votre expertise. Il offre une excellente stabilit\u00e9 et une s\u00e9curit\u00e9 maximale pour le patient, le dentiste et son assistante.<\/p>","protected":false},"featured_media":11921,"template":"","meta":{"_acf_changed":false},"product_brand":[],"product_cat":[21,68],"product_tag":[76],"class_list":{"0":"post-3800","1":"product","2":"type-product","3":"status-publish","4":"has-post-thumbnail","6":"product_cat-01-eurus","7":"product_cat-gammes","8":"product_tag-eurus","9":"pa_couleur-apricot","10":"pa_couleur-bayou","11":"pa_couleur-charbon","12":"pa_couleur-chianti","13":"pa_couleur-f4340-00002","14":"pa_couleur-f4340-10295","15":"pa_couleur-f4340-20129","16":"pa_couleur-f4340-20287","17":"pa_couleur-f4340-20295","18":"pa_couleur-f4340-20296","19":"pa_couleur-f4340-20299","20":"pa_couleur-herbal-mist","21":"pa_couleur-pelican","22":"pa_couleur-rain-dance","24":"first","25":"instock","26":"shipping-taxable","27":"purchasable","28":"product-type-variable"},"acf":[],"_links":{"self":[{"href":"https:\/\/belmont.fr\/en\/wp-json\/wp\/v2\/product\/3800","targetHints":{"allow":["GET"]}}],"collection":[{"href":"https:\/\/belmont.fr\/en\/wp-json\/wp\/v2\/product"}],"about":[{"href":"https:\/\/belmont.fr\/en\/wp-json\/wp\/v2\/types\/product"}],"version-history":[{"count":39,"href":"https:\/\/belmont.fr\/en\/wp-json\/wp\/v2\/product\/3800\/revisions"}],"predecessor-version":[{"id":12130,"href":"https:\/\/belmont.fr\/en\/wp-json\/wp\/v2\/product\/3800\/revisions\/12130"}],"wp:featuredmedia":[{"embeddable":true,"href":"https:\/\/belmont.fr\/en\/wp-json\/wp\/v2\/media\/11921"}],"wp:attachment":[{"href":"https:\/\/belmont.fr\/en\/wp-json\/wp\/v2\/media?parent=3800"}],"wp:term":[{"taxonomy":"product_brand","embeddable":true,"href":"https:\/\/belmont.fr\/en\/wp-json\/wp\/v2\/product_brand?post=3800"},{"taxonomy":"product_cat","embeddable":true,"href":"https:\/\/belmont.fr\/en\/wp-json\/wp\/v2\/product_cat?post=3800"},{"taxonomy":"product_tag","embeddable":true,"href":"https:\/\/belmont.fr\/en\/wp-json\/wp\/v2\/product_tag?post=3800"}],"curies":[{"name":"wp","href":"https:\/\/api.w.org\/{rel}","templated":true}]}}