{"id":3786,"date":"2022-12-13T12:15:35","date_gmt":"2022-12-13T11:15:35","guid":{"rendered":"http:\/\/belmont.fr\/?post_type=product&#038;p=3786"},"modified":"2024-09-09T09:51:07","modified_gmt":"2024-09-09T07:51:07","slug":"eurus-s6","status":"publish","type":"product","link":"https:\/\/belmont.fr\/en\/produits\/gammes\/01-eurus\/eurus-s6\/","title":{"rendered":"EURUS S6"},"content":{"rendered":"","protected":false},"excerpt":{"rendered":"<p>Adapt\u00e9 \u00e0 toutes les situations, l&rsquo;EURUS S6 offre l&rsquo;ergonomie id\u00e9ale pour tous les espaces. Gr\u00e2ce \u00e0 sa jambi\u00e8re escamotable, il permute ais\u00e9ment d&rsquo;une position chaise \u00e0 une position allong\u00e9e. Disposant de toutes les fonctionnalit\u00e9s de la gamme Eurus, il excelle dans toutes les positions de travail. Gr\u00e2ce \u00e0 ses joysticks de contr\u00f4le, le fauteuil est enti\u00e8rement manipulable au pied, permettant une hygi\u00e8ne optimale.<\/p>","protected":false},"featured_media":11922,"template":"","meta":{"_acf_changed":false},"product_brand":[],"product_cat":[21,68],"product_tag":[76],"class_list":{"0":"post-3786","1":"product","2":"type-product","3":"status-publish","4":"has-post-thumbnail","6":"product_cat-01-eurus","7":"product_cat-gammes","8":"product_tag-eurus","9":"pa_couleur-apricot","10":"pa_couleur-bayou","11":"pa_couleur-charbon","12":"pa_couleur-chianti","13":"pa_couleur-f4340-00002","14":"pa_couleur-f4340-10295","15":"pa_couleur-f4340-20129","16":"pa_couleur-f4340-20287","17":"pa_couleur-f4340-20295","18":"pa_couleur-f4340-20296","19":"pa_couleur-f4340-20299","20":"pa_couleur-herbal-mist","21":"pa_couleur-pelican","22":"pa_couleur-rain-dance","24":"first","25":"instock","26":"shipping-taxable","27":"product-type-variable"},"acf":[],"_links":{"self":[{"href":"https:\/\/belmont.fr\/en\/wp-json\/wp\/v2\/product\/3786","targetHints":{"allow":["GET"]}}],"collection":[{"href":"https:\/\/belmont.fr\/en\/wp-json\/wp\/v2\/product"}],"about":[{"href":"https:\/\/belmont.fr\/en\/wp-json\/wp\/v2\/types\/product"}],"version-history":[{"count":45,"href":"https:\/\/belmont.fr\/en\/wp-json\/wp\/v2\/product\/3786\/revisions"}],"predecessor-version":[{"id":12134,"href":"https:\/\/belmont.fr\/en\/wp-json\/wp\/v2\/product\/3786\/revisions\/12134"}],"wp:featuredmedia":[{"embeddable":true,"href":"https:\/\/belmont.fr\/en\/wp-json\/wp\/v2\/media\/11922"}],"wp:attachment":[{"href":"https:\/\/belmont.fr\/en\/wp-json\/wp\/v2\/media?parent=3786"}],"wp:term":[{"taxonomy":"product_brand","embeddable":true,"href":"https:\/\/belmont.fr\/en\/wp-json\/wp\/v2\/product_brand?post=3786"},{"taxonomy":"product_cat","embeddable":true,"href":"https:\/\/belmont.fr\/en\/wp-json\/wp\/v2\/product_cat?post=3786"},{"taxonomy":"product_tag","embeddable":true,"href":"https:\/\/belmont.fr\/en\/wp-json\/wp\/v2\/product_tag?post=3786"}],"curies":[{"name":"wp","href":"https:\/\/api.w.org\/{rel}","templated":true}]}}