{"id":3753,"date":"2022-12-13T11:49:46","date_gmt":"2022-12-13T10:49:46","guid":{"rendered":"http:\/\/belmont.fr\/?post_type=product&#038;p=3753"},"modified":"2024-09-09T09:51:13","modified_gmt":"2024-09-09T07:51:13","slug":"eurus-s4","status":"publish","type":"product","link":"https:\/\/belmont.fr\/en\/produits\/gammes\/01-eurus\/eurus-s4\/","title":{"rendered":"EURUS S4"},"content":{"rendered":"","protected":false},"excerpt":{"rendered":"<p>L&rsquo;Eurus S4 est un v\u00e9ritable fauteuil chaise, offrant un confort optimal \u00e0 vos patients. Le m\u00e9canisme hydraulique du fauteuil assure un mouvement souple et silencieux, tandis que la jambi\u00e8re escamotable permet un acc\u00e8s facile pour tous les patients, en particulier les enfants, les personnes \u00e2g\u00e9es et les patients \u00e0 mobilit\u00e9 r\u00e9duite (PMR). Il convient \u00e0 la th\u00e9rapie orthodontique car il permet un examen de la dentition du patient \u00e0 partir de la position 6 heures. Son ergonomie sera aussi appr\u00e9ci\u00e9e dans les salles de chirurgie.<\/p>","protected":false},"featured_media":12176,"template":"","meta":{"_acf_changed":false},"product_brand":[],"product_cat":[21,68],"product_tag":[76],"class_list":{"0":"post-3753","1":"product","2":"type-product","3":"status-publish","4":"has-post-thumbnail","6":"product_cat-01-eurus","7":"product_cat-gammes","8":"product_tag-eurus","9":"pa_couleur-apricot","10":"pa_couleur-bayou","11":"pa_couleur-charbon","12":"pa_couleur-chianti","13":"pa_couleur-f4340-00002","14":"pa_couleur-f4340-10295","15":"pa_couleur-f4340-20129","16":"pa_couleur-f4340-20287","17":"pa_couleur-f4340-20295","18":"pa_couleur-f4340-20296","19":"pa_couleur-f4340-20299","20":"pa_couleur-herbal-mist","21":"pa_couleur-pelican","22":"pa_couleur-rain-dance","24":"first","25":"instock","26":"shipping-taxable","27":"purchasable","28":"product-type-variable"},"acf":[],"_links":{"self":[{"href":"https:\/\/belmont.fr\/en\/wp-json\/wp\/v2\/product\/3753","targetHints":{"allow":["GET"]}}],"collection":[{"href":"https:\/\/belmont.fr\/en\/wp-json\/wp\/v2\/product"}],"about":[{"href":"https:\/\/belmont.fr\/en\/wp-json\/wp\/v2\/types\/product"}],"version-history":[{"count":32,"href":"https:\/\/belmont.fr\/en\/wp-json\/wp\/v2\/product\/3753\/revisions"}],"predecessor-version":[{"id":12277,"href":"https:\/\/belmont.fr\/en\/wp-json\/wp\/v2\/product\/3753\/revisions\/12277"}],"wp:featuredmedia":[{"embeddable":true,"href":"https:\/\/belmont.fr\/en\/wp-json\/wp\/v2\/media\/12176"}],"wp:attachment":[{"href":"https:\/\/belmont.fr\/en\/wp-json\/wp\/v2\/media?parent=3753"}],"wp:term":[{"taxonomy":"product_brand","embeddable":true,"href":"https:\/\/belmont.fr\/en\/wp-json\/wp\/v2\/product_brand?post=3753"},{"taxonomy":"product_cat","embeddable":true,"href":"https:\/\/belmont.fr\/en\/wp-json\/wp\/v2\/product_cat?post=3753"},{"taxonomy":"product_tag","embeddable":true,"href":"https:\/\/belmont.fr\/en\/wp-json\/wp\/v2\/product_tag?post=3753"}],"curies":[{"name":"wp","href":"https:\/\/api.w.org\/{rel}","templated":true}]}}