{"id":3747,"date":"2022-12-13T11:27:40","date_gmt":"2022-12-13T10:27:40","guid":{"rendered":"http:\/\/belmont.fr\/?post_type=product&#038;p=3747"},"modified":"2024-09-09T09:51:19","modified_gmt":"2024-09-09T07:51:19","slug":"eurus-s1","status":"publish","type":"product","link":"https:\/\/belmont.fr\/en\/produits\/gammes\/01-eurus\/eurus-s1\/","title":{"rendered":"EURUS S1"},"content":{"rendered":"","protected":false},"excerpt":{"rendered":"<p>B\u00e9n\u00e9ficiant des fonctionnalit\u00e9s de la gamme, l\u2019Eurus S1 propose une grande vari\u00e9t\u00e9 de fonctionnalit\u00e9s pour un encombrement minimum requis d&rsquo;\u00e0 peine 1m80 de large. Sa conception ergonomique est coupl\u00e9e \u00e0 un v\u00e9ritable confort d&rsquo;utilisation qui s&rsquo;applique aussi bien pour le dentiste que pour son patient. Les diff\u00e9rentes d\u00e9clinaisons de l&rsquo;Eurus S1 lui permettent de s&rsquo;adapter avec brio dans n&rsquo;importe quelle configuration.<\/p>\n<p>&nbsp;<\/p>","protected":false},"featured_media":11989,"template":"","meta":{"_acf_changed":false},"product_brand":[],"product_cat":[21,68],"product_tag":[76],"class_list":{"0":"post-3747","1":"product","2":"type-product","3":"status-publish","4":"has-post-thumbnail","6":"product_cat-01-eurus","7":"product_cat-gammes","8":"product_tag-eurus","9":"pa_couleur-apricot","10":"pa_couleur-bayou","11":"pa_couleur-charbon","12":"pa_couleur-chianti","13":"pa_couleur-f4340-00002","14":"pa_couleur-f4340-10295","15":"pa_couleur-f4340-20129","16":"pa_couleur-f4340-20287","17":"pa_couleur-f4340-20295","18":"pa_couleur-f4340-20296","19":"pa_couleur-f4340-20299","20":"pa_couleur-herbal-mist","21":"pa_couleur-pelican","22":"pa_couleur-rain-dance","24":"first","25":"instock","26":"shipping-taxable","27":"purchasable","28":"product-type-variable"},"acf":[],"_links":{"self":[{"href":"https:\/\/belmont.fr\/en\/wp-json\/wp\/v2\/product\/3747","targetHints":{"allow":["GET"]}}],"collection":[{"href":"https:\/\/belmont.fr\/en\/wp-json\/wp\/v2\/product"}],"about":[{"href":"https:\/\/belmont.fr\/en\/wp-json\/wp\/v2\/types\/product"}],"version-history":[{"count":26,"href":"https:\/\/belmont.fr\/en\/wp-json\/wp\/v2\/product\/3747\/revisions"}],"predecessor-version":[{"id":4414,"href":"https:\/\/belmont.fr\/en\/wp-json\/wp\/v2\/product\/3747\/revisions\/4414"}],"wp:featuredmedia":[{"embeddable":true,"href":"https:\/\/belmont.fr\/en\/wp-json\/wp\/v2\/media\/11989"}],"wp:attachment":[{"href":"https:\/\/belmont.fr\/en\/wp-json\/wp\/v2\/media?parent=3747"}],"wp:term":[{"taxonomy":"product_brand","embeddable":true,"href":"https:\/\/belmont.fr\/en\/wp-json\/wp\/v2\/product_brand?post=3747"},{"taxonomy":"product_cat","embeddable":true,"href":"https:\/\/belmont.fr\/en\/wp-json\/wp\/v2\/product_cat?post=3747"},{"taxonomy":"product_tag","embeddable":true,"href":"https:\/\/belmont.fr\/en\/wp-json\/wp\/v2\/product_tag?post=3747"}],"curies":[{"name":"wp","href":"https:\/\/api.w.org\/{rel}","templated":true}]}}