{"id":3607,"date":"2022-12-12T14:04:56","date_gmt":"2022-12-12T13:04:56","guid":{"rendered":"http:\/\/belmont.fr\/?post_type=product&#038;p=3607"},"modified":"2024-09-09T09:51:25","modified_gmt":"2024-09-09T07:51:25","slug":"eurus-light","status":"publish","type":"product","link":"https:\/\/belmont.fr\/en\/produits\/gammes\/07-eclairage-scialytique\/eurus-light\/","title":{"rendered":"EURUS LIGHT"},"content":{"rendered":"","protected":false},"excerpt":{"rendered":"<p>L&rsquo;Eurus Light de nouvelle g\u00e9n\u00e9ration (conforme \u00e0 la norme ISO9680) est capable de diffuser une lumi\u00e8re d&rsquo;intensit\u00e9 variable de 3 000 \u00e0 34.000 lux et reproduit la lumi\u00e8re naturelle avec une capacit\u00e9 de rendu des couleurs fonctionnelles \u00e9lev\u00e9e. Gr\u00e2ce \u00e0 un syst\u00e8me de capteur sans contact, l\u2019allumage et le passage en mode composite se font d\u2019un simple mouvement de main.<\/p>","protected":false},"featured_media":4215,"template":"","meta":{"_acf_changed":false},"product_brand":[],"product_cat":[40,68],"product_tag":[77],"class_list":{"0":"post-3607","1":"product","2":"type-product","3":"status-publish","4":"has-post-thumbnail","6":"product_cat-07-eclairage-scialytique","7":"product_cat-gammes","8":"product_tag-eclairage-scialytique","10":"first","11":"instock","12":"shipping-taxable","13":"product-type-simple"},"acf":[],"_links":{"self":[{"href":"https:\/\/belmont.fr\/en\/wp-json\/wp\/v2\/product\/3607","targetHints":{"allow":["GET"]}}],"collection":[{"href":"https:\/\/belmont.fr\/en\/wp-json\/wp\/v2\/product"}],"about":[{"href":"https:\/\/belmont.fr\/en\/wp-json\/wp\/v2\/types\/product"}],"version-history":[{"count":9,"href":"https:\/\/belmont.fr\/en\/wp-json\/wp\/v2\/product\/3607\/revisions"}],"predecessor-version":[{"id":11880,"href":"https:\/\/belmont.fr\/en\/wp-json\/wp\/v2\/product\/3607\/revisions\/11880"}],"wp:featuredmedia":[{"embeddable":true,"href":"https:\/\/belmont.fr\/en\/wp-json\/wp\/v2\/media\/4215"}],"wp:attachment":[{"href":"https:\/\/belmont.fr\/en\/wp-json\/wp\/v2\/media?parent=3607"}],"wp:term":[{"taxonomy":"product_brand","embeddable":true,"href":"https:\/\/belmont.fr\/en\/wp-json\/wp\/v2\/product_brand?post=3607"},{"taxonomy":"product_cat","embeddable":true,"href":"https:\/\/belmont.fr\/en\/wp-json\/wp\/v2\/product_cat?post=3607"},{"taxonomy":"product_tag","embeddable":true,"href":"https:\/\/belmont.fr\/en\/wp-json\/wp\/v2\/product_tag?post=3607"}],"curies":[{"name":"wp","href":"https:\/\/api.w.org\/{rel}","templated":true}]}}