{"id":3606,"date":"2022-12-12T13:57:42","date_gmt":"2022-12-12T12:57:42","guid":{"rendered":"http:\/\/belmont.fr\/?post_type=product&#038;p=3606"},"modified":"2024-09-09T09:51:31","modified_gmt":"2024-09-09T07:51:31","slug":"phot-x-iis-touch","status":"publish","type":"product","link":"https:\/\/belmont.fr\/en\/produits\/gammes\/08-radio\/phot-x-iis-touch\/","title":{"rendered":"PHOT X II TOUCH"},"content":{"rendered":"","protected":false},"excerpt":{"rendered":"<p>La PHOT X II Touch r\u00e9volutionne l&rsquo;imagerie dentaire par sa pr\u00e9cision et sa simplicit\u00e9 d&rsquo;utilisation. Son bras b\u00e9n\u00e9ficie d&rsquo;une maniabilit\u00e9 extr\u00eame et d&rsquo;une stabilit\u00e9 \u00e0 l&rsquo;\u00e9preuve de n&rsquo;importe quelle situation. Ses diff\u00e9rentes fonctionnalit\u00e9s garantissent une qualit\u00e9 d&rsquo;image et une efficacit\u00e9 dans vos prises qui font le succ\u00e8s de ce mod\u00e8le incontournable dans la radiographie dentaire.<\/p>","protected":false},"featured_media":9408,"template":"","meta":{"_acf_changed":false},"product_brand":[],"product_cat":[68,39],"product_tag":[75],"class_list":{"0":"post-3606","1":"product","2":"type-product","3":"status-publish","4":"has-post-thumbnail","6":"product_cat-gammes","7":"product_cat-08-radio","8":"product_tag-radio-dentaire","10":"first","11":"instock","12":"shipping-taxable","13":"product-type-simple"},"acf":[],"_links":{"self":[{"href":"https:\/\/belmont.fr\/en\/wp-json\/wp\/v2\/product\/3606","targetHints":{"allow":["GET"]}}],"collection":[{"href":"https:\/\/belmont.fr\/en\/wp-json\/wp\/v2\/product"}],"about":[{"href":"https:\/\/belmont.fr\/en\/wp-json\/wp\/v2\/types\/product"}],"version-history":[{"count":19,"href":"https:\/\/belmont.fr\/en\/wp-json\/wp\/v2\/product\/3606\/revisions"}],"predecessor-version":[{"id":12213,"href":"https:\/\/belmont.fr\/en\/wp-json\/wp\/v2\/product\/3606\/revisions\/12213"}],"wp:featuredmedia":[{"embeddable":true,"href":"https:\/\/belmont.fr\/en\/wp-json\/wp\/v2\/media\/9408"}],"wp:attachment":[{"href":"https:\/\/belmont.fr\/en\/wp-json\/wp\/v2\/media?parent=3606"}],"wp:term":[{"taxonomy":"product_brand","embeddable":true,"href":"https:\/\/belmont.fr\/en\/wp-json\/wp\/v2\/product_brand?post=3606"},{"taxonomy":"product_cat","embeddable":true,"href":"https:\/\/belmont.fr\/en\/wp-json\/wp\/v2\/product_cat?post=3606"},{"taxonomy":"product_tag","embeddable":true,"href":"https:\/\/belmont.fr\/en\/wp-json\/wp\/v2\/product_tag?post=3606"}],"curies":[{"name":"wp","href":"https:\/\/api.w.org\/{rel}","templated":true}]}}