{"id":7752,"date":"2023-03-03T13:40:42","date_gmt":"2023-03-03T12:40:42","guid":{"rendered":"http:\/\/belmont.fr\/?page_id=7752"},"modified":"2024-07-23T16:27:37","modified_gmt":"2024-07-23T14:27:37","slug":"espace-pro","status":"publish","type":"page","link":"https:\/\/belmont.fr\/en\/espace-pro\/","title":{"rendered":"Espace Pro"},"content":{"rendered":"<div data-elementor-type=\"wp-page\" data-elementor-id=\"7752\" class=\"elementor elementor-7752\" data-elementor-post-type=\"page\">\n\t\t\t\t\t\t<header class=\"elementor-section elementor-top-section elementor-element elementor-element-3afa64b4 elementor-section-full_width elementor-section-content-middle elementor-section-height-default elementor-section-height-default\" data-id=\"3afa64b4\" data-element_type=\"section\" data-e-type=\"section\" data-settings=\"{&quot;background_background&quot;:&quot;classic&quot;,&quot;_ob_glider_is_slider&quot;:&quot;no&quot;}\">\n\t\t\t\t\t\t\t<div class=\"elementor-background-overlay\"><\/div>\n\t\t\t\t\t\t\t<div class=\"elementor-container elementor-column-gap-default\">\n\t\t\t\t\t<div class=\"elementor-column elementor-col-100 elementor-top-column elementor-element elementor-element-f94d04e\" data-id=\"f94d04e\" data-element_type=\"column\" data-e-type=\"column\">\n\t\t\t<div class=\"elementor-widget-wrap elementor-element-populated\">\n\t\t\t\t\t\t<div class=\"elementor-element elementor-element-3bd099 dc-has-condition dc-condition-contains elementor-widget elementor-widget-text-editor\" data-id=\"3bd099\" data-element_type=\"widget\" data-e-type=\"widget\" data-widget_type=\"text-editor.default\">\n\t\t\t\t<div class=\"elementor-widget-container\">\n\t\t\t\t\t\t\t\t\tNotre expertise \u00e0 votre port\u00e9e : parcourez nos brochures pro\t\t\t\t\t\t\t\t<\/div>\n\t\t\t\t<\/div>\n\t\t\t\t<div class=\"elementor-element elementor-element-7ea0ff21 elementor-widget__width-auto elementor-widget elementor-widget-global elementor-global-1460 elementor-widget-shortcode\" data-id=\"7ea0ff21\" data-element_type=\"widget\" data-e-type=\"widget\" data-widget_type=\"shortcode.default\">\n\t\t\t\t<div class=\"elementor-widget-container\">\n\t\t\t\t\t\t\t<div class=\"elementor-shortcode\"><nav aria-label=\"breadcrumbs\" class=\"rank-math-breadcrumb\"><p><span class=\"last\">Accueil<\/span><\/p><\/nav><\/div>\n\t\t\t\t\t\t<\/div>\n\t\t\t\t<\/div>\n\t\t\t\t\t<\/div>\n\t\t<\/div>\n\t\t\t\t\t<\/div>\n\t\t<\/header>\n\t\t<div class=\"elementor-element elementor-element-6ab5482 e-con-full padding e-flex e-con e-parent\" data-id=\"6ab5482\" data-element_type=\"container\" data-e-type=\"container\" data-settings=\"{&quot;_ob_glider_is_slider&quot;:&quot;no&quot;}\">\n\t\t<!-- hidden widget 7752-847f9f7 -->\t\t<div class=\"elementor-element elementor-element-fbaa65a e-my-account-tabs-horizontal elementor-widget__width-inherit elementor-widget elementor-widget-woocommerce-my-account\" data-id=\"fbaa65a\" data-element_type=\"widget\" data-e-type=\"widget\" data-settings=\"{&quot;customize_dashboard_check&quot;:&quot;yes&quot;}\" data-widget_type=\"woocommerce-my-account.default\">\n\t\t\t\t<div class=\"elementor-widget-container\">\n\t\t\t\t\t<div class=\"e-my-account-tab e-my-account-tab__\">\t\t\t<div class=\"woocommerce\"><\/div>\t\t<\/div>\n\t\t\t\t\t\t<\/div>\n\t\t\t\t<\/div>\n\t\t\t\t<\/div>\n\t\t\t\t<\/div>","protected":false},"excerpt":{"rendered":"<p>Besoin de plus d&rsquo;informations ? Vous ne trouvez pas les ressources dont vous avez besoin ici ? Vous avez besoins de fichiers techniques compl\u00e9mentaires, de plus visuels, de plus de plans, des fichiers 2D &#038; 3D ? Consultez notre site technique (en Anglais) Site technique Tableau de bord T\u00e9l\u00e9chargements Se d\u00e9connecter Tableau de bord T\u00e9l\u00e9chargements [&hellip;]<\/p>\n","protected":false},"author":2,"featured_media":0,"parent":0,"menu_order":0,"comment_status":"closed","ping_status":"closed","template":"","meta":{"_acf_changed":false,"footnotes":""},"class_list":["post-7752","page","type-page","status-publish","hentry"],"acf":[],"_links":{"self":[{"href":"https:\/\/belmont.fr\/en\/wp-json\/wp\/v2\/pages\/7752","targetHints":{"allow":["GET"]}}],"collection":[{"href":"https:\/\/belmont.fr\/en\/wp-json\/wp\/v2\/pages"}],"about":[{"href":"https:\/\/belmont.fr\/en\/wp-json\/wp\/v2\/types\/page"}],"author":[{"embeddable":true,"href":"https:\/\/belmont.fr\/en\/wp-json\/wp\/v2\/users\/2"}],"replies":[{"embeddable":true,"href":"https:\/\/belmont.fr\/en\/wp-json\/wp\/v2\/comments?post=7752"}],"version-history":[{"count":184,"href":"https:\/\/belmont.fr\/en\/wp-json\/wp\/v2\/pages\/7752\/revisions"}],"predecessor-version":[{"id":12634,"href":"https:\/\/belmont.fr\/en\/wp-json\/wp\/v2\/pages\/7752\/revisions\/12634"}],"wp:attachment":[{"href":"https:\/\/belmont.fr\/en\/wp-json\/wp\/v2\/media?parent=7752"}],"curies":[{"name":"wp","href":"https:\/\/api.w.org\/{rel}","templated":true}]}}