{"id":6440,"date":"2023-01-27T14:14:11","date_gmt":"2023-01-27T13:14:11","guid":{"rendered":"http:\/\/belmont.fr\/?page_id=6440"},"modified":"2023-03-29T16:38:59","modified_gmt":"2023-03-29T14:38:59","slug":"politique-de-cookies","status":"publish","type":"page","link":"https:\/\/belmont.fr\/en\/politique-de-cookies\/","title":{"rendered":"Politique de cookies"},"content":{"rendered":"<p><strong>Gestion des cookies<\/strong><\/p>\n\n\n\n<p><strong>Est-ce que nous utilisons des cookies ?<\/strong><\/p>\n\n\n\n<p>Oui. Nos cookies am\u00e9liorent l\u2019acc\u00e8s \u00e0 notre site et identifient les visiteurs r\u00e9guliers. En outre, nos cookies am\u00e9liorent l\u2019exp\u00e9rience d\u2019utilisateur gr\u00e2ce au suivi et au ciblage de ses int\u00e9r\u00eats. Cependant, cette utilisation des cookies n\u2019est en aucune fa\u00e7on li\u00e9e \u00e0 des informations personnelles identifiables sur notre site.<\/p>\n\n\n\n<p>Types de cookies utilis\u00e9s :<\/p>\n\n\n\n<p><strong>&nbsp;&#8211; Les cookies n\u00e9cessaires \u00e0 la navigation sur le site :<\/strong><\/p>\n\n\n\n<p>Ces cookies sont n\u00e9cessaires au fonctionnement du site de&nbsp;Takara Compagnie Paris.<\/p>\n\n\n\n<p>Ils permettent l\u2019utilisation des principales fonctionnalit\u00e9s du site. Sans ces cookies, les Utilisateurs ne peuvent pas utiliser le site normalement.<\/p>\n\n\n\n<p><strong>&#8211; Les cookies fonctionnels :<\/strong><\/p>\n\n\n\n<p>Ces cookies permettent de personnaliser l\u2019exp\u00e9rience Utilisateur.<\/p>\n\n\n\n<p><strong>&#8211; Les cookies analytiques :<\/strong><\/p>\n\n\n\n<p>Ces cookies permettent de conna\u00eetre l\u2019utilisation et les performances du site et d\u2019en am\u00e9liorer le fonctionnement en proc\u00e9dant \u00e0 des analyses de fr\u00e9quentation des pages d\u2019information, en effectuant un suivi des taux d\u2019ouverture, des taux de clics et des taux de rebond au niveau individuel.<\/p>\n\n\n\n<p><strong>&#8211; Gestion des cookies :<\/strong><\/p>\n\n\n\n<p>Les Utilisateurs ont la possibilit\u00e9 d\u2019accepter ou de refuser les cookies en param\u00e9trant leur navigateur.<\/p>\n\n\n\n<p>Si l\u2019Utilisateur choisit de refuser l\u2019ensemble des cookies, la navigation acc\u00e9dant \u00e0 certaines pages du site sera r\u00e9duite.<\/p>\n\n\n\n<p><strong>Se d\u00e9sabonner<\/strong><\/p>\n\n\n\n<p>Nous utilisons l\u2019adresse e-mail que vous fournissez pour vous envoyer des informations et mises \u00e0 jour relatives \u00e0 votre commande, des nouvelles de l\u2019entreprise de fa\u00e7on occasionnelle, des informations sur des produits li\u00e9s, etc.<\/p>\n\n\n\n<p>Conform\u00e9ment aux textes en vigueur applicables, tout utilisateur dispose d\u2019un droit d\u2019acc\u00e8s, de rectification, de suppression et d\u2019opposition aux donn\u00e9es personnelles le concernant.&nbsp;<\/p>\n\n\n\n<p>Pour l\u2019exercer, adressez votre demande par mail \u00e0 : <a href=\"mailto:confidentialite@belmont.fr\">confidentialite@belmont.fr<\/a><\/p>\n\n\n\n<p>ou en effectuant sa demande \u00e9crite et sign\u00e9e, accompagn\u00e9e d\u2019une copie du titre d\u2019identit\u00e9 avec signature du titulaire de la pi\u00e8ce, en pr\u00e9cisant l\u2019adresse \u00e0 laquelle la r\u00e9ponse doit \u00eatre envoy\u00e9e.<\/p>\n\n\n\n<p><strong>Consentement<\/strong><\/p>\n\n\n\n<p>En utilisant notre site, vous consentez \u00e0 notre politique de confidentialit\u00e9.<\/p>","protected":false},"excerpt":{"rendered":"<p>Gestion des cookies Est-ce que nous utilisons des cookies ? Oui. Nos cookies am\u00e9liorent l\u2019acc\u00e8s \u00e0 notre site et identifient les visiteurs r\u00e9guliers. En outre, nos cookies am\u00e9liorent l\u2019exp\u00e9rience d\u2019utilisateur gr\u00e2ce au suivi et au ciblage de ses int\u00e9r\u00eats. Cependant, cette utilisation des cookies n\u2019est en aucune fa\u00e7on li\u00e9e \u00e0 des informations personnelles identifiables sur [&hellip;]<\/p>\n","protected":false},"author":2,"featured_media":0,"parent":0,"menu_order":0,"comment_status":"closed","ping_status":"closed","template":"","meta":{"_acf_changed":false,"footnotes":""},"class_list":["post-6440","page","type-page","status-publish","hentry"],"acf":[],"_links":{"self":[{"href":"https:\/\/belmont.fr\/en\/wp-json\/wp\/v2\/pages\/6440","targetHints":{"allow":["GET"]}}],"collection":[{"href":"https:\/\/belmont.fr\/en\/wp-json\/wp\/v2\/pages"}],"about":[{"href":"https:\/\/belmont.fr\/en\/wp-json\/wp\/v2\/types\/page"}],"author":[{"embeddable":true,"href":"https:\/\/belmont.fr\/en\/wp-json\/wp\/v2\/users\/2"}],"replies":[{"embeddable":true,"href":"https:\/\/belmont.fr\/en\/wp-json\/wp\/v2\/comments?post=6440"}],"version-history":[{"count":2,"href":"https:\/\/belmont.fr\/en\/wp-json\/wp\/v2\/pages\/6440\/revisions"}],"predecessor-version":[{"id":9623,"href":"https:\/\/belmont.fr\/en\/wp-json\/wp\/v2\/pages\/6440\/revisions\/9623"}],"wp:attachment":[{"href":"https:\/\/belmont.fr\/en\/wp-json\/wp\/v2\/media?parent=6440"}],"curies":[{"name":"wp","href":"https:\/\/api.w.org\/{rel}","templated":true}]}}