{"id":6438,"date":"2023-01-27T14:13:05","date_gmt":"2023-01-27T13:13:05","guid":{"rendered":"http:\/\/belmont.fr\/?page_id=6438"},"modified":"2023-04-06T16:34:07","modified_gmt":"2023-04-06T14:34:07","slug":"mentions-legales","status":"publish","type":"page","link":"https:\/\/belmont.fr\/en\/mentions-legales\/","title":{"rendered":"Mentions l\u00e9gales"},"content":{"rendered":"<p><strong>MENTIONS L\u00c9GALES<\/strong><\/p>\n\n\n\n<p><strong>D\u00e9cret relatif \u00e0 la publicit\u00e9 pour les dispositifs m\u00e9dicaux<\/strong><\/p>\n\n\n\n<p>Les produits de la soci\u00e9t\u00e9 Belmont sont des dispositifs m\u00e9dicaux \u00e0 destination des professionnels de la m\u00e9decine dentaire.<\/p>\n\n\n\n<hr class=\"wp-block-separator has-alpha-channel-opacity\" \/>\n\n\n\n<p>Ils ne sont pas rembours\u00e9s par la s\u00e9curit\u00e9 sociale.<\/p>\n\n\n\n<p>Nos produits sont class\u00e9s comme suit :<\/p>\n\n\n\n<p>classes I, IIa et IIb respectant les standards europ\u00e9ens en vigueur.<\/p>\n\n\n\n<p>Notre syst\u00e8me d\u2019assurance qualit\u00e9 a \u00e9t\u00e9 approuv\u00e9 par le MDD ANNEX II excluant la section 4 (enregistrement: n\u00b0HD 60042394 0001) valid\u00e9 par l\u2019organisme suivant : T\u00dbV Rheinland lga products gmbh (n\u00b0 0197).<\/p>\n\n\n\n<p>Fabricant : Takara Belmont Corporation Japon<\/p>\n\n\n\n<p>Nous invitons tous les utilisateurs de nos produits \u00e0 lire attentivement les instructions figurant dans les notices et manuels d\u2019utilisation.<\/p>\n\n\n\n<p><strong>Editeur du site<\/strong><\/p>\n\n\n\n<p>Si\u00e8ge social :<\/p>\n\n\n\n<p>TAKARA COMPAGNIE PARIS \u2013 BELMONT<\/p>\n\n\n\n<p>ZAC du Petit Nanterre<\/p>\n\n\n\n<p>56 rue des Hautes P\u00e2tures <\/p>\n\n\n\n<p>92000 &#8211; Nanterre <\/p>\n\n\n\n<p>France<\/p>\n\n\n\n<p>Statut&nbsp;: SARL au capital de 152&nbsp;400\u20ac<\/p>\n\n\n\n<p>RC&nbsp;:NANTERRE B 682&nbsp;001 292<\/p>\n\n\n\n<p>TVA intracommunautaire : FR 57&nbsp;682&nbsp;001 292<\/p>\n\n\n\n<p>N\u00b0 d\u2019identification individuel (SIRET) : 682&nbsp;001&nbsp;292 00031<\/p>\n\n\n\n<p>T\u00e9l\u00e9phone : 01.42.42.66.28<\/p>\n\n\n\n<p>Courriel &nbsp;:&nbsp;info@belmont.fr<\/p>\n\n\n\n<p><strong>R\u00e9alisation<\/strong><\/p>\n\n\n\n<p>D-Impulse<\/p>\n\n\n\n<p>129 Rue \u00c9douard Delamare Deboutteville &#8211; 76160 Saint Martin du Vivier<\/p>\n\n\n\n<p><a href=\"http:\/\/d-impulse.com\/\" target=\"_blank\" rel=\"noopener\">http:\/\/d-impulse.com\/<\/a><\/p>\n\n\n\n<p>T\u00e9l\u00e9phone : 09.62.59.79.23<\/p>\n\n\n\n<p><strong>H\u00e9bergeur du site<\/strong><\/p>\n\n\n\n<p>DELTAMEDIA<\/p>\n\n\n\n<p>Centre ACCED<\/p>\n\n\n\n<p>52, rue d\u2019Ermenonville<\/p>\n\n\n\n<p>77183 Croissy-Beaubourg<\/p>\n\n\n\n<p>info@deltamedia.fr<\/p>\n\n\n\n<p><strong>Informations personnelles<\/strong><\/p>\n\n\n\n<p>Conform\u00e9ment \u00e0 la loi Informatique et Libert\u00e9s du 6 Janvier 1978, vous disposez d&rsquo;un droit d&rsquo;acc\u00e8s, de rectification, de modification et de suppression des donn\u00e9es personnelles que vous nous avez communiqu\u00e9es. Vous pouvez exercer ce droit sur simple demande par email ou par courrier.<\/p>\n\n\n\n<p><strong>Propri\u00e9t\u00e9, contenu et reproduction<\/strong><\/p>\n\n\n\n<p>L&rsquo;acc\u00e8s au site www.belmont.fr vous conf\u00e8re un droit d&rsquo;usage priv\u00e9 et non exclusif. Vous pouvez consulter les donn\u00e9es qu\u2019il contient pour votre seule utilisation personnelle non commerciale, ce qui exclut toute exploitation commerciale \u00e0 un niveau local, national ou international.<\/p>\n\n\n\n<p>La structure g\u00e9n\u00e9rale, ainsi que les logiciels, textes, images anim\u00e9es ou fixes, sons, savoir-faire, dessins, graphismes et tous autres \u00e9l\u00e9ments composant ce site web sont de l\u2019utilisation exclusive de Belmont France. Toute reproduction totale ou partielle de ce site, par quelques proc\u00e9d\u00e9s que ce soient, sans autorisation expresse de Belmont France, est interdite et constituerait une contrefa\u00e7on sanctionn\u00e9e par les articles L335-2 et suivants du Code de la propri\u00e9t\u00e9 intellectuelle.<\/p>\n\n\n\n<p>Les informations fournies sur&nbsp;le site www.belmont.fr le sont \u00e0 titre informatif. Belmont ne saurait garantir l&rsquo;exactitude, la compl\u00e9tude, l&rsquo;actualit\u00e9 des informations diffus\u00e9es sur le site. Les informations de ce site peuvent contenir des inexactitudes techniques, des couleurs non conformes \u00e0 la r\u00e9alit\u00e9 ou des erreurs typographiques. Ces informations peuvent \u00eatre p\u00e9riodiquement modifi\u00e9es et les modifications seront incorpor\u00e9es dans les nouvelles \u00e9ditions. Belmont peut, \u00e0 tout moment, sans pr\u00e9avis, apporter des am\u00e9liorations ou des changements aux produits, aux programmes ou aux services d\u00e9crits sur ce site.&nbsp;<\/p>\n\n\n\n<p>Il en est de m\u00eame des bases de donn\u00e9es figurant, le cas \u00e9ch\u00e9ant, sur le site&nbsp; www.belmont.fr qui&nbsp;sont prot\u00e9g\u00e9es par les dispositions de la loi du 1er juillet 1998 portant transposition dans le Code de la Propri\u00e9t\u00e9 Intellectuelle de la Directive Europ\u00e9enne du 11 mars 1996 relative \u00e0 la protection juridique des bases de donn\u00e9es. A ce titre, toute reproduction ou extraction engagerait la responsabilit\u00e9 de l&rsquo;utilisateur.<\/p>\n\n\n\n<p>Cr\u00e9dits photos : Belmont.<\/p>\n\n\n\n<p>Tous droits r\u00e9serv\u00e9s &#8211; Photos non contractuelles.<\/p>\n\n\n\n<p><strong>Liens hypertextes vers ce site et \u00e0 partir de ce site<\/strong><\/p>\n\n\n\n<p>Toute pose de liens hypertextes vers l&rsquo;une des pages de ce site est libre, \u00e0 condition que ceux-ci ouvrent une nouvelle fen\u00eatre et soient pr\u00e9sent\u00e9s de mani\u00e8re non \u00e9quivoque afin d&rsquo;\u00e9viter :<\/p>\n\n\n\n<p>&#8211; tout risque de confusion entre le site citant et le pr\u00e9sent site ;<\/p>\n\n\n\n<p>&#8211; ainsi que toute pr\u00e9sentation tendancieuse, ou contraire aux lois en vigueur.<\/p>\n\n\n\n<p>Le site&nbsp;www.belmont.fr&nbsp;donne acc\u00e8s \u00e0 d&rsquo;autres sites via des liens hypertextes. Belmont n&rsquo;\u00e9tant pas le gestionnaire de ces sites, il ne peut en contr\u00f4ler le contenu. En cons\u00e9quence, Belmont ne pourra en aucun cas \u00eatre tenu pour responsable du contenu des sites ainsi accessibles, ou des \u00e9ventuelles collectes et transmissions de donn\u00e9es personnelles, installation de cookies ou tout autre proc\u00e9d\u00e9 tendant aux m\u00eames fins, effectu\u00e9s par ces sites. Ces liens externes ont pour seul but d\u2019am\u00e9liorer l\u2019usage du visiteur.<\/p>\n\n\n\n<p><strong>Loi applicable<\/strong><\/p>\n\n\n\n<p>L\u2019usage de ce site web est r\u00e9gi par la loi fran\u00e7aise \u00e0 l\u2019exception de toute autre l\u00e9gislation.<\/p>\n\n\n\n<p><strong>Responsabilit\u00e9s<\/strong><\/p>\n\n\n\n<p>Belmont ne pourra \u00eatre tenu responsable de tout dommage direct ou indirect issu d\u2019une interruption, d\u2019un dysfonctionnement quel qu\u2019il soit, et ce pour quelque raison que ce soit, ou encore de tout dommage direct ou indirect qui r\u00e9sulterait, d\u2019une fa\u00e7on quelconque, d\u2019une connexion au site.<\/p>\n\n\n\n<p>La connexion de toute personne au site se fait sous son enti\u00e8re responsabilit\u00e9.<\/p>\n\n\n\n<p>Les commentaires et opinions sont exprim\u00e9s sur le pr\u00e9sent site Internet sous la responsabilit\u00e9 de leurs auteurs respectifs.<\/p>","protected":false},"excerpt":{"rendered":"<p>MENTIONS L\u00c9GALES D\u00e9cret relatif \u00e0 la publicit\u00e9 pour les dispositifs m\u00e9dicaux Les produits de la soci\u00e9t\u00e9 Belmont sont des dispositifs m\u00e9dicaux \u00e0 destination des professionnels de la m\u00e9decine dentaire. Ils ne sont pas rembours\u00e9s par la s\u00e9curit\u00e9 sociale. Nos produits sont class\u00e9s comme suit : classes I, IIa et IIb respectant les standards europ\u00e9ens en [&hellip;]<\/p>\n","protected":false},"author":2,"featured_media":0,"parent":0,"menu_order":0,"comment_status":"closed","ping_status":"closed","template":"","meta":{"_acf_changed":false,"footnotes":""},"class_list":["post-6438","page","type-page","status-publish","hentry"],"acf":[],"_links":{"self":[{"href":"https:\/\/belmont.fr\/en\/wp-json\/wp\/v2\/pages\/6438","targetHints":{"allow":["GET"]}}],"collection":[{"href":"https:\/\/belmont.fr\/en\/wp-json\/wp\/v2\/pages"}],"about":[{"href":"https:\/\/belmont.fr\/en\/wp-json\/wp\/v2\/types\/page"}],"author":[{"embeddable":true,"href":"https:\/\/belmont.fr\/en\/wp-json\/wp\/v2\/users\/2"}],"replies":[{"embeddable":true,"href":"https:\/\/belmont.fr\/en\/wp-json\/wp\/v2\/comments?post=6438"}],"version-history":[{"count":3,"href":"https:\/\/belmont.fr\/en\/wp-json\/wp\/v2\/pages\/6438\/revisions"}],"predecessor-version":[{"id":10471,"href":"https:\/\/belmont.fr\/en\/wp-json\/wp\/v2\/pages\/6438\/revisions\/10471"}],"wp:attachment":[{"href":"https:\/\/belmont.fr\/en\/wp-json\/wp\/v2\/media?parent=6438"}],"curies":[{"name":"wp","href":"https:\/\/api.w.org\/{rel}","templated":true}]}}