{"id":4859,"date":"2022-12-22T09:37:34","date_gmt":"2022-12-22T08:37:34","guid":{"rendered":"http:\/\/belmont.fr\/?page_id=4859"},"modified":"2023-05-12T11:54:06","modified_gmt":"2023-05-12T09:54:06","slug":"philosophie","status":"publish","type":"page","link":"https:\/\/belmont.fr\/en\/a-propos\/philosophie\/","title":{"rendered":"Philosophie"},"content":{"rendered":"<div data-elementor-type=\"wp-page\" data-elementor-id=\"4859\" class=\"elementor elementor-4859\" data-elementor-post-type=\"page\">\n\t\t\t\t\t\t<header class=\"elementor-section elementor-top-section elementor-element elementor-element-130bf9a7 elementor-section-full_width elementor-section-content-middle elementor-section-height-default elementor-section-height-default\" data-id=\"130bf9a7\" data-element_type=\"section\" data-e-type=\"section\" data-settings=\"{&quot;background_background&quot;:&quot;classic&quot;,&quot;_ob_glider_is_slider&quot;:&quot;no&quot;}\">\n\t\t\t\t\t\t\t<div class=\"elementor-background-overlay\"><\/div>\n\t\t\t\t\t\t\t<div class=\"elementor-container elementor-column-gap-default\">\n\t\t\t\t\t<div class=\"elementor-column elementor-col-100 elementor-top-column elementor-element elementor-element-797c7289\" data-id=\"797c7289\" data-element_type=\"column\" data-e-type=\"column\">\n\t\t\t<div class=\"elementor-widget-wrap elementor-element-populated\">\n\t\t\t\t<!-- hidden widget 4859-1b5a963 -->\t\t<div class=\"elementor-element elementor-element-1bf15853 elementor-widget__width-auto elementor-widget elementor-widget-global elementor-global-1460 elementor-widget-shortcode\" data-id=\"1bf15853\" data-element_type=\"widget\" data-e-type=\"widget\" data-widget_type=\"shortcode.default\">\n\t\t\t\t<div class=\"elementor-widget-container\">\n\t\t\t\t\t\t\t<div class=\"elementor-shortcode\"><nav aria-label=\"breadcrumbs\" class=\"rank-math-breadcrumb\"><p><span class=\"last\">Accueil<\/span><\/p><\/nav><\/div>\n\t\t\t\t\t\t<\/div>\n\t\t\t\t<\/div>\n\t\t\t\t\t<\/div>\n\t\t<\/div>\n\t\t\t\t\t<\/div>\n\t\t<\/header>\n\t\t<div class=\"elementor-element elementor-element-3564dca7 e-con-full padding e-flex e-con e-parent\" data-id=\"3564dca7\" data-element_type=\"container\" data-e-type=\"container\" data-settings=\"{&quot;background_background&quot;:&quot;classic&quot;,&quot;_ob_glider_is_slider&quot;:&quot;no&quot;}\">\n\t\t<div class=\"elementor-element elementor-element-39bb1f6c e-con-full e-flex e-con e-parent\" data-id=\"39bb1f6c\" data-element_type=\"container\" data-e-type=\"container\" data-settings=\"{&quot;_ob_glider_is_slider&quot;:&quot;no&quot;}\">\n\t\t\t\t<div class=\"elementor-element elementor-element-34831e4 elementor-widget elementor-widget-icon-box\" data-id=\"34831e4\" data-element_type=\"widget\" data-e-type=\"widget\" data-widget_type=\"icon-box.default\">\n\t\t\t\t<div class=\"elementor-widget-container\">\n\t\t\t\t\t\t\t<div class=\"elementor-icon-box-wrapper\">\n\n\t\t\t\n\t\t\t\t\t\t<div class=\"elementor-icon-box-content\">\n\n\t\t\t\t\t\t\t\t\t<h2 class=\"elementor-icon-box-title\">\n\t\t\t\t\t\t<span  >\n\t\t\t\t\t\t\tMessage du CEO\t\t\t\t\t\t<\/span>\n\t\t\t\t\t<\/h2>\n\t\t\t\t\n\t\t\t\t\t\t\t\t\t<p class=\"elementor-icon-box-description\">\n\t\t\t\t\t\tTAKARA BELMONT a c\u00e9l\u00e9br\u00e9 son 100\u00e8me anniversaire le 5 octobre 2021.\t\t\t\t\t<\/p>\n\t\t\t\t\n\t\t\t<\/div>\n\t\t\t\n\t\t<\/div>\n\t\t\t\t\t\t<\/div>\n\t\t\t\t<\/div>\n\t\t\t\t<div class=\"elementor-element elementor-element-7a83fc0e elementor-widget elementor-widget-text-editor\" data-id=\"7a83fc0e\" data-element_type=\"widget\" data-e-type=\"widget\" data-widget_type=\"text-editor.default\">\n\t\t\t\t<div class=\"elementor-widget-container\">\n\t\t\t\t\t\t\t\t\t<p><span data-contrast=\"none\">Nous devons cette c\u00e9l\u00e9bration \u00e0 tous ceux qui ont utilis\u00e9 nos produits au fil des ans et soutenu notre activit\u00e9, notamment les clients de l&rsquo;industrie de la coiffure et de la beaut\u00e9, et de l&rsquo;industrie dentaire et m\u00e9dicale. Nous profitons de cette occasion pour leur adresser nos sinc\u00e8res remerciements.<\/span><\/p>\t\t\t\t\t\t\t\t<\/div>\n\t\t\t\t<\/div>\n\t\t\t\t<div class=\"elementor-element elementor-element-c608a46 elementor-position-top elementor-widget elementor-widget-image-box\" data-id=\"c608a46\" data-element_type=\"widget\" data-e-type=\"widget\" data-widget_type=\"image-box.default\">\n\t\t\t\t<div class=\"elementor-widget-container\">\n\t\t\t\t\t<div class=\"elementor-image-box-wrapper\"><figure class=\"elementor-image-box-img\"><img fetchpriority=\"high\" decoding=\"async\" width=\"2560\" height=\"2540\" src=\"https:\/\/belmont.fr\/wp-content\/uploads\/2023\/02\/MicrosoftTeams-image-scaled-2.jpg\" class=\"attachment-full size-full wp-image-7408\" alt=\"\" srcset=\"https:\/\/belmont.fr\/wp-content\/uploads\/2023\/02\/MicrosoftTeams-image-scaled-2.jpg 2560w, https:\/\/belmont.fr\/wp-content\/uploads\/2023\/02\/MicrosoftTeams-image-scaled-2-300x298.jpg 300w, https:\/\/belmont.fr\/wp-content\/uploads\/2023\/02\/MicrosoftTeams-image-scaled-2-1024x1016.jpg 1024w, https:\/\/belmont.fr\/wp-content\/uploads\/2023\/02\/MicrosoftTeams-image-scaled-2-150x150.jpg 150w, https:\/\/belmont.fr\/wp-content\/uploads\/2023\/02\/MicrosoftTeams-image-scaled-2-768x762.jpg 768w, https:\/\/belmont.fr\/wp-content\/uploads\/2023\/02\/MicrosoftTeams-image-scaled-2-1536x1524.jpg 1536w, https:\/\/belmont.fr\/wp-content\/uploads\/2023\/02\/MicrosoftTeams-image-scaled-2-2048x2032.jpg 2048w, https:\/\/belmont.fr\/wp-content\/uploads\/2023\/02\/MicrosoftTeams-image-scaled-2-12x12.jpg 12w, https:\/\/belmont.fr\/wp-content\/uploads\/2023\/02\/MicrosoftTeams-image-scaled-2-600x595.jpg 600w, https:\/\/belmont.fr\/wp-content\/uploads\/2023\/02\/MicrosoftTeams-image-scaled-2-100x100.jpg 100w\" sizes=\"(max-width: 2560px) 100vw, 2560px\" \/><\/figure><div class=\"elementor-image-box-content\"><p class=\"elementor-image-box-description\">Au cours des 100 prochaines ann\u00e9es, en tant qu'entreprise manufacturi\u00e8re japonaise, toutes les soci\u00e9t\u00e9s du groupe TAKARA BELMONT uniront leurs forces et continueront \u00e0 relever le d\u00e9fi de contribuer au d\u00e9veloppement des industries de nos clients, de s'attaquer r\u00e9solument \u00e0 la r\u00e9alisation d'une soci\u00e9t\u00e9 durable par le biais de nos activit\u00e9s et d'aider les gens partout dans le monde \u00e0 vivre une vie belle et fructueuse.<\/p><\/div><\/div>\t\t\t\t<\/div>\n\t\t\t\t<\/div>\n\t\t\t\t<div class=\"elementor-element elementor-element-b9995b7 elementor-hidden-mobile elementor-widget-tablet__width-initial elementor-view-default elementor-widget elementor-widget-icon\" data-id=\"b9995b7\" data-element_type=\"widget\" data-e-type=\"widget\" data-widget_type=\"icon.default\">\n\t\t\t\t<div class=\"elementor-widget-container\">\n\t\t\t\t\t\t\t<div class=\"elementor-icon-wrapper\">\n\t\t\t<div class=\"elementor-icon\">\n\t\t\t<svg xmlns=\"http:\/\/www.w3.org\/2000\/svg\" id=\"a\" viewbox=\"0 0 237 140\"><path d=\"M178.28,9.17c-18.68-4.05-37.99-6.15-57.77-6.15-5.72,0-11.41,.18-17.03,.53V48.16h38.23v89.47c12.41-.93,24.61-2.76,36.54-5.34,3.79-19.89,5.79-40.48,5.79-61.57s-1.98-41.64-5.77-61.56Z\"><\/path><path d=\"M103.48,137.92c5.62,.36,11.29,.53,17.01,.53s11.38-.17,17.03-.53v-44.6h-34.04v44.6Z\"><\/path><path d=\"M56.98,70.76c0,21.05,1.96,41.65,5.74,61.54,11.95,2.57,24.14,4.39,36.58,5.33V3.84c-12.45,.97-24.64,2.77-36.58,5.36-3.78,19.88-5.74,40.47-5.74,61.57Z\"><\/path><\/svg>\t\t\t<\/div>\n\t\t<\/div>\n\t\t\t\t\t\t<\/div>\n\t\t\t\t<\/div>\n\t\t\t\t<\/div>\n\t\t<div class=\"elementor-element elementor-element-4d209988 e-con-full e-flex e-con e-parent\" data-id=\"4d209988\" data-element_type=\"container\" data-e-type=\"container\" data-settings=\"{&quot;background_background&quot;:&quot;classic&quot;,&quot;_ob_glider_is_slider&quot;:&quot;no&quot;}\">\n\t\t\t\t<div class=\"elementor-element elementor-element-45af203 elementor-position-top elementor-widget elementor-widget-image-box\" data-id=\"45af203\" data-element_type=\"widget\" data-e-type=\"widget\" data-widget_type=\"image-box.default\">\n\t\t\t\t<div class=\"elementor-widget-container\">\n\t\t\t\t\t<div class=\"elementor-image-box-wrapper\"><figure class=\"elementor-image-box-img\"><img decoding=\"async\" width=\"1760\" height=\"2540\" src=\"https:\/\/belmont.fr\/wp-content\/uploads\/2022\/11\/apropos-img-1956.webp\" class=\"attachment-full size-full wp-image-2863\" alt=\"\" srcset=\"https:\/\/belmont.fr\/wp-content\/uploads\/2022\/11\/apropos-img-1956.webp 1760w, https:\/\/belmont.fr\/wp-content\/uploads\/2022\/11\/apropos-img-1956-208x300.webp 208w, https:\/\/belmont.fr\/wp-content\/uploads\/2022\/11\/apropos-img-1956-710x1024.webp 710w, https:\/\/belmont.fr\/wp-content\/uploads\/2022\/11\/apropos-img-1956-768x1108.webp 768w, https:\/\/belmont.fr\/wp-content\/uploads\/2022\/11\/apropos-img-1956-1064x1536.webp 1064w, https:\/\/belmont.fr\/wp-content\/uploads\/2022\/11\/apropos-img-1956-1419x2048.webp 1419w, https:\/\/belmont.fr\/wp-content\/uploads\/2022\/11\/apropos-img-1956-600x866.webp 600w\" sizes=\"(max-width: 1760px) 100vw, 1760px\" \/><\/figure><div class=\"elementor-image-box-content\"><p class=\"elementor-image-box-description\">TAKARA BELMONT a commenc\u00e9 ses activit\u00e9s il y a 100 ans en tant que petite fonderie avec seulement quelques employ\u00e9s dans la zone industrielle connue sous le nom de \"Manchester de l'Est\", le long de la rivi\u00e8re Kizu \u00e0 Osaka. Au d\u00e9but de la p\u00e9riode Sh\u00f4wa (1926-1989), l'entreprise a modifi\u00e9 sa principale activit\u00e9, passant du moulage aux fauteuils de coiffure, en tirant parti de sa technologie de moulage et de son savoir-faire dans la fonderie. Ce changement audacieux a jet\u00e9 les bases de l'activit\u00e9 actuelle. En outre, tout en faisant face aux d\u00e9fis de son \u00e9poque, l'entreprise a d\u00e9velopp\u00e9 ses activit\u00e9s sous la devise \"Promouvoir la beaut\u00e9 et la sant\u00e9 des gens\" tout en renfor\u00e7ant ses efforts sur le march\u00e9 mondial et les industries de l'\u00e9quipement dentaire et m\u00e9dical et de l'esth\u00e9tique, ainsi que par le d\u00e9veloppement de cosm\u00e9tiques. Aujourd'hui, nous sommes devenus une entreprise qui vend des produits dans plus de 120 pays \u00e0 travers le monde.<\/p><\/div><\/div>\t\t\t\t<\/div>\n\t\t\t\t<\/div>\n\t\t\t\t<div class=\"elementor-element elementor-element-ef8b018 elementor-position-top elementor-widget elementor-widget-image-box\" data-id=\"ef8b018\" data-element_type=\"widget\" data-e-type=\"widget\" data-widget_type=\"image-box.default\">\n\t\t\t\t<div class=\"elementor-widget-container\">\n\t\t\t\t\t<div class=\"elementor-image-box-wrapper\"><figure class=\"elementor-image-box-img\"><img decoding=\"async\" width=\"570\" height=\"406\" src=\"https:\/\/belmont.fr\/wp-content\/uploads\/2023\/01\/22_1_1_hd.jpg\" class=\"attachment-full size-full wp-image-6522\" alt=\"\" srcset=\"https:\/\/belmont.fr\/wp-content\/uploads\/2023\/01\/22_1_1_hd.jpg 570w, https:\/\/belmont.fr\/wp-content\/uploads\/2023\/01\/22_1_1_hd-300x214.jpg 300w\" sizes=\"(max-width: 570px) 100vw, 570px\" \/><\/figure><div class=\"elementor-image-box-content\"><p class=\"elementor-image-box-description\">Alors que notre soci\u00e9t\u00e9 est devenue un lieu o\u00f9 le \"sans-contact\" est un must en raison de la pand\u00e9mie de COVID-19, le \"toucher\" est indispensable dans l'industrie de la coiffure et de l'esth\u00e9tique et dans l'industrie dentaire et m\u00e9dicale. Ainsi, en d\u00e9pit de cette p\u00e9riode ombrag\u00e9e, notre mission est d'assurer la s\u00fbret\u00e9 et la s\u00e9curit\u00e9 de ces lieux de travail o\u00f9 le toucher est n\u00e9cessaire, et de continuer \u00e0 contribuer \u00e0 ces industries par des efforts inlassables et une cr\u00e9ativit\u00e9 sans limites.<\/p><\/div><\/div>\t\t\t\t<\/div>\n\t\t\t\t<\/div>\n\t\t\t\t<\/div>\n\t\t\t\t<\/div>\n\t\t<div class=\"elementor-element elementor-element-2049ec3 e-con-full e-flex e-con e-parent\" data-id=\"2049ec3\" data-element_type=\"container\" data-e-type=\"container\" data-settings=\"{&quot;background_background&quot;:&quot;classic&quot;,&quot;_ob_glider_is_slider&quot;:&quot;no&quot;}\">\n\t\t<div class=\"elementor-element elementor-element-4f3eebe e-con-full e-flex e-con e-parent\" data-id=\"4f3eebe\" data-element_type=\"container\" data-e-type=\"container\" data-settings=\"{&quot;_ob_glider_is_slider&quot;:&quot;no&quot;}\">\n\t\t\t\t<div class=\"elementor-element elementor-element-3dff64a elementor-cta--skin-cover elementor-cta--valign-middle elementor-widget elementor-widget-call-to-action\" data-id=\"3dff64a\" data-element_type=\"widget\" data-e-type=\"widget\" data-widget_type=\"call-to-action.default\">\n\t\t\t\t<div class=\"elementor-widget-container\">\n\t\t\t\t\t\t\t<a class=\"elementor-cta\" href=\"https:\/\/belmont.fr\/en\/a-propos\/heritage\/\">\n\t\t\t\t\t<div class=\"elementor-cta__bg-wrapper\">\n\t\t\t\t<div class=\"elementor-cta__bg elementor-bg\" style=\"background-image: url(https:\/\/belmont.fr\/wp-content\/uploads\/2023\/02\/Notre-heritage.png);\" role=\"img\" aria-label=\"Notre he\u0301ritage\"><\/div>\n\t\t\t\t<div class=\"elementor-cta__bg-overlay\"><\/div>\n\t\t\t<\/div>\n\t\t\t\t\t\t\t<div class=\"elementor-cta__content\">\n\t\t\t\t\n\t\t\t\t\n\t\t\t\t\n\t\t\t\t\t\t\t\t\t<div class=\"elementor-cta__button-wrapper elementor-cta__content-item elementor-content-item\">\n\t\t\t\t\t<span class=\"elementor-cta__button elementor-button elementor-size-xl\">\n\t\t\t\t\t\tNotre h\u00e9ritage\t\t\t\t\t<\/span>\n\t\t\t\t\t<\/div>\n\t\t\t\t\t\t\t<\/div>\n\t\t\t\t\t\t<\/a>\n\t\t\t\t\t\t<\/div>\n\t\t\t\t<\/div>\n\t\t\t\t<\/div>\n\t\t<div class=\"elementor-element elementor-element-c75e35c e-con-full e-flex e-con e-parent\" data-id=\"c75e35c\" data-element_type=\"container\" data-e-type=\"container\" data-settings=\"{&quot;_ob_glider_is_slider&quot;:&quot;no&quot;}\">\n\t\t\t\t<div class=\"elementor-element elementor-element-72715d0 elementor-cta--skin-cover elementor-cta--valign-middle elementor-widget elementor-widget-call-to-action\" data-id=\"72715d0\" data-element_type=\"widget\" data-e-type=\"widget\" data-widget_type=\"call-to-action.default\">\n\t\t\t\t<div class=\"elementor-widget-container\">\n\t\t\t\t\t\t\t<a class=\"elementor-cta\" href=\"https:\/\/belmont.fr\/en\/a-propos\/\">\n\t\t\t\t\t<div class=\"elementor-cta__bg-wrapper\">\n\t\t\t\t<div class=\"elementor-cta__bg elementor-bg\" style=\"background-image: url(https:\/\/belmont.fr\/wp-content\/uploads\/2022\/11\/bg-hero-apropos-scaled.jpg);\" role=\"img\" aria-label=\"bg-hero-apropos\"><\/div>\n\t\t\t\t<div class=\"elementor-cta__bg-overlay\"><\/div>\n\t\t\t<\/div>\n\t\t\t\t\t\t\t<div class=\"elementor-cta__content\">\n\t\t\t\t\n\t\t\t\t\n\t\t\t\t\n\t\t\t\t\t\t\t\t\t<div class=\"elementor-cta__button-wrapper elementor-cta__content-item elementor-content-item\">\n\t\t\t\t\t<span class=\"elementor-cta__button elementor-button elementor-size-xl\">\n\t\t\t\t\t\t\u00e0 propos\t\t\t\t\t<\/span>\n\t\t\t\t\t<\/div>\n\t\t\t\t\t\t\t<\/div>\n\t\t\t\t\t\t<\/a>\n\t\t\t\t\t\t<\/div>\n\t\t\t\t<\/div>\n\t\t\t\t<\/div>\n\t\t\t\t<\/div>\n\t\t\t\t<\/div>","protected":false},"excerpt":{"rendered":"<p>Message du CEO TAKARA BELMONT a c\u00e9l\u00e9br\u00e9 son 100\u00e8me anniversaire le 5 octobre 2021. Nous devons cette c\u00e9l\u00e9bration \u00e0 tous ceux qui ont utilis\u00e9 nos produits au fil des ans et soutenu notre activit\u00e9, notamment les clients de l&rsquo;industrie de la coiffure et de la beaut\u00e9, et de l&rsquo;industrie dentaire et m\u00e9dicale. Nous profitons de [&hellip;]<\/p>\n","protected":false},"author":2,"featured_media":7408,"parent":1269,"menu_order":1,"comment_status":"closed","ping_status":"closed","template":"","meta":{"_acf_changed":false,"footnotes":""},"class_list":["post-4859","page","type-page","status-publish","has-post-thumbnail","hentry"],"acf":[],"_links":{"self":[{"href":"https:\/\/belmont.fr\/en\/wp-json\/wp\/v2\/pages\/4859","targetHints":{"allow":["GET"]}}],"collection":[{"href":"https:\/\/belmont.fr\/en\/wp-json\/wp\/v2\/pages"}],"about":[{"href":"https:\/\/belmont.fr\/en\/wp-json\/wp\/v2\/types\/page"}],"author":[{"embeddable":true,"href":"https:\/\/belmont.fr\/en\/wp-json\/wp\/v2\/users\/2"}],"replies":[{"embeddable":true,"href":"https:\/\/belmont.fr\/en\/wp-json\/wp\/v2\/comments?post=4859"}],"version-history":[{"count":102,"href":"https:\/\/belmont.fr\/en\/wp-json\/wp\/v2\/pages\/4859\/revisions"}],"predecessor-version":[{"id":11615,"href":"https:\/\/belmont.fr\/en\/wp-json\/wp\/v2\/pages\/4859\/revisions\/11615"}],"up":[{"embeddable":true,"href":"https:\/\/belmont.fr\/en\/wp-json\/wp\/v2\/pages\/1269"}],"wp:featuredmedia":[{"embeddable":true,"href":"https:\/\/belmont.fr\/en\/wp-json\/wp\/v2\/media\/7408"}],"wp:attachment":[{"href":"https:\/\/belmont.fr\/en\/wp-json\/wp\/v2\/media?parent=4859"}],"curies":[{"name":"wp","href":"https:\/\/api.w.org\/{rel}","templated":true}]}}