{"id":3,"date":"2022-10-25T18:20:12","date_gmt":"2022-10-25T16:20:12","guid":{"rendered":"http:\/\/belmont.fr\/?page_id=3"},"modified":"2023-03-29T16:41:45","modified_gmt":"2023-03-29T14:41:45","slug":"politique-de-confidentialite","status":"publish","type":"page","link":"https:\/\/belmont.fr\/en\/politique-de-confidentialite\/","title":{"rendered":"Politique de confidentialit\u00e9"},"content":{"rendered":"<p><strong>Collecte de l\u2019information<\/strong><\/p>\n\n\n\n<p>Nous recueillons des informations lorsque vous vous inscrivez sur notre site&nbsp;et&nbsp;\u00e0 la newsletter&nbsp;<\/p>\n\n\n\n<p>Les informations recueillies sont les donn\u00e9es de compte :<\/p>\n\n\n\n<p>Lorsque vous vous inscrivez sur notre site en effectuant une demande, vous inscrivez \u00e0 notre bulletin d\u2019information ( newsletter ) ou r\u00e9pondez \u00e0 un sondage, des informations de contact de base sont recueillies, telles que l\u2019adresse \u00e9lectronique et le nom de votre personne de contact, le nom de votre entreprise, son adresse, son num\u00e9ro de t\u00e9l\u00e9phone, son num\u00e9ro de TVA, tout num\u00e9ro de commande d\u2019achat, toute adresse \u00e9lectronique des r\u00e9cipiendaires de la facture&nbsp;En outre, nous recevons et enregistrons automatiquement des informations \u00e0 partir de votre ordinateur et navigateur, y compris votre adresse IP, vos logiciels et votre mat\u00e9riel, et la page que vous demandez.<\/p>\n\n\n\n<p><strong>Utilisation des informations<\/strong><\/p>\n\n\n\n<p>Toutes les informations que nous recueillons aupr\u00e8s de vous peuvent \u00eatre utilis\u00e9es pour :<\/p>\n\n\n\n<p>&#8211;&nbsp;&nbsp;&nbsp;&nbsp;&nbsp;&nbsp; Personnaliser votre exp\u00e9rience et r\u00e9pondre \u00e0 vos besoins individuels<\/p>\n\n\n\n<p>&#8211;&nbsp;&nbsp;&nbsp;&nbsp;&nbsp;&nbsp; Am\u00e9liorer notre site Web<\/p>\n\n\n\n<p>&#8211;&nbsp;&nbsp;&nbsp;&nbsp;&nbsp;&nbsp; Am\u00e9liorer le service client et vos besoins de prise en charge<\/p>\n\n\n\n<p>&#8211;&nbsp;&nbsp;&nbsp;&nbsp;&nbsp;&nbsp; Vous contacter par e-mail<\/p>\n\n\n\n<p>&#8211;&nbsp;&nbsp;&nbsp;&nbsp;&nbsp;&nbsp; Administrer un concours, une promotion, ou une enqu\u00eate<\/p>\n\n\n\n<p>&#8211;&nbsp;&nbsp;&nbsp;&nbsp;&nbsp;&nbsp; Pour permettre de vous envoyer des factures valables tenant compte de la TVA et de traiter les transactions<\/p>\n\n\n\n<p>&#8211;&nbsp;&nbsp;&nbsp;&nbsp;&nbsp;&nbsp; Pour envoyer des courriels p\u00e9riodiques : l\u2019adresse courriel que vous nous fournissez pour le traitement des commandes peut \u00eatre utilis\u00e9e pour vous envoyer des informations&nbsp;et mises \u00e0 jour concernant votre commande, ainsi que, si vous l\u2019acceptez, des nouvelles occasionnelles concernant notre entreprise (mises \u00e0 jour, informations sur le Service ou les produits, etc.).<\/p>\n\n\n\n<p><strong>Dur\u00e9e de conservation des donn\u00e9es<\/strong><\/p>\n\n\n\n<p>Pour satisfaire \u00e0 ses obligations l\u00e9gales ou afin de disposer des \u00e9l\u00e9ments n\u00e9cessaires pour faire valoir ses droits, Belmont France&nbsp; pourra archiver les donn\u00e9es dans les conditions pr\u00e9vues par la r\u00e8glementation.<\/p>\n\n\n\n<p>Ainsi, les donn\u00e9es \u00e0 caract\u00e8re personnel collect\u00e9es par Belmont France&nbsp;relatives \u00e0 l\u2019identit\u00e9 et aux coordonn\u00e9es de ses Utilisateurs sont archiv\u00e9es pendant une dur\u00e9e maximum de dix ans apr\u00e8s la cessation des&nbsp;relations contractuelles pour les Utilisateurs clients, ou \u00e0 compter de leur collecte par le responsable de traitement ou du dernier contact \u00e9manant de l\u2019Utilisateur prospect pour les donn\u00e9es relatives \u00e0 ces derniers.<\/p>\n\n\n\n<p>La cessation des relations contractuelles est entendue comme la r\u00e9siliation expr\u00e8s du contrat par l\u2019Utilisateur.<\/p>\n\n\n\n<p><strong>Divulgation \u00e0 des tiers<\/strong><\/p>\n\n\n\n<p>Nous ne vendons, n\u2019\u00e9changeons et ne transf\u00e9rons pas vos informations personnelles identifiables \u00e0 des tiers.&nbsp;<\/p>\n\n\n\n<p>Cela ne comprend pas les tierce parties de confiance qui nous aident \u00e0 exploiter notre site Web ou \u00e0 mener nos affaires, tant que ces parties conviennent de garder ces informations confidentielles.<\/p>\n\n\n\n<p>Seule l\u2019hypoth\u00e8se du rachat du site&nbsp;www. belmont.fr &nbsp; &nbsp;\u00e0 un nouveau propri\u00e9taire et de ses droits permettrait la transmission des dites informations \u00e0 l\u2019\u00e9ventuel acqu\u00e9reur qui serait \u00e0 son tour tenu de la m\u00eame obligation de conservation et de modification des donn\u00e9es vis \u00e0 vis de l\u2019utilisateur du site&nbsp;www.belmont.fr<\/p>\n\n\n\n<p>Nous pensons qu\u2019il est n\u00e9cessaire de partager des informations afin d\u2019enqu\u00eater, de pr\u00e9venir ou de prendre des mesures concernant des activit\u00e9s ill\u00e9gales, fraudes pr\u00e9sum\u00e9es, situations impliquant des menaces potentielles \u00e0 la s\u00e9curit\u00e9 physique de toute personne, violations de nos conditions d\u2019utilisation, ou quand la loi nous y contraint.<\/p>\n\n\n\n<p>Les informations non-priv\u00e9es, cependant, peuvent \u00eatre fournies \u00e0 d\u2019autres parties pour le marketing, la publicit\u00e9, ou d\u2019autres utilisations.<\/p>\n\n\n\n<p><strong>Protection des informations<\/strong><\/p>\n\n\n\n<p>Nous mettons en \u0153uvre une vari\u00e9t\u00e9 de mesures de s\u00e9curit\u00e9 pour pr\u00e9server la s\u00e9curit\u00e9 de vos informations personnelles.<\/p>\n\n\n\n<p>Nous prot\u00e9geons \u00e9galement vos informations hors ligne.&nbsp;<\/p>\n\n\n\n<p>Seuls les employ\u00e9s qui ont besoin d\u2019effectuer un travail sp\u00e9cifique (par exemple, la facturation ou le service \u00e0 la client\u00e8le) ont acc\u00e8s aux informations personnelles identifiables. Les ordinateurs et serveurs utilis\u00e9s pour stocker des informations personnelles identifiables sont conserv\u00e9s dans un environnement s\u00e9curis\u00e9.<\/p>\n\n\n\n<p><\/p>","protected":false},"excerpt":{"rendered":"<p>Collecte de l\u2019information Nous recueillons des informations lorsque vous vous inscrivez sur notre site&nbsp;et&nbsp;\u00e0 la newsletter&nbsp; Les informations recueillies sont les donn\u00e9es de compte : Lorsque vous vous inscrivez sur notre site en effectuant une demande, vous inscrivez \u00e0 notre bulletin d\u2019information ( newsletter ) ou r\u00e9pondez \u00e0 un sondage, des informations de contact de [&hellip;]<\/p>\n","protected":false},"author":1,"featured_media":0,"parent":0,"menu_order":0,"comment_status":"closed","ping_status":"closed","template":"","meta":{"_acf_changed":false,"footnotes":""},"class_list":["post-3","page","type-page","status-publish","hentry"],"acf":[],"_links":{"self":[{"href":"https:\/\/belmont.fr\/en\/wp-json\/wp\/v2\/pages\/3","targetHints":{"allow":["GET"]}}],"collection":[{"href":"https:\/\/belmont.fr\/en\/wp-json\/wp\/v2\/pages"}],"about":[{"href":"https:\/\/belmont.fr\/en\/wp-json\/wp\/v2\/types\/page"}],"author":[{"embeddable":true,"href":"https:\/\/belmont.fr\/en\/wp-json\/wp\/v2\/users\/1"}],"replies":[{"embeddable":true,"href":"https:\/\/belmont.fr\/en\/wp-json\/wp\/v2\/comments?post=3"}],"version-history":[{"count":2,"href":"https:\/\/belmont.fr\/en\/wp-json\/wp\/v2\/pages\/3\/revisions"}],"predecessor-version":[{"id":9625,"href":"https:\/\/belmont.fr\/en\/wp-json\/wp\/v2\/pages\/3\/revisions\/9625"}],"wp:attachment":[{"href":"https:\/\/belmont.fr\/en\/wp-json\/wp\/v2\/media?parent=3"}],"curies":[{"name":"wp","href":"https:\/\/api.w.org\/{rel}","templated":true}]}}